{"id":12,"date":"2012-09-12T20:37:51","date_gmt":"2012-09-12T17:37:51","guid":{"rendered":"http:\/\/www.huminalehto.com\/hevostila\/?page_id=12"},"modified":"2025-03-09T15:56:28","modified_gmt":"2025-03-09T13:56:28","slug":"huminalehdon-tiimi","status":"publish","type":"page","link":"https:\/\/www.huminalehto.com\/hevostila\/huminalehdon-tiimi\/","title":{"rendered":"Huminalehdon v\u00e4ki"},"content":{"rendered":"\n<div class=\"wp-block-media-text alignwide is-stacked-on-mobile\" style=\"grid-template-columns:32% auto\"><figure class=\"wp-block-media-text__media\"><img loading=\"lazy\" decoding=\"async\" width=\"960\" height=\"960\" src=\"https:\/\/www.huminalehto.com\/hevostila\/wp-content\/uploads\/2025\/03\/johanna.jpg\" alt=\"\" class=\"wp-image-4683 size-full\" srcset=\"https:\/\/www.huminalehto.com\/hevostila\/wp-content\/uploads\/2025\/03\/johanna.jpg 960w, https:\/\/www.huminalehto.com\/hevostila\/wp-content\/uploads\/2025\/03\/johanna-300x300.jpg 300w, https:\/\/www.huminalehto.com\/hevostila\/wp-content\/uploads\/2025\/03\/johanna-150x150.jpg 150w, https:\/\/www.huminalehto.com\/hevostila\/wp-content\/uploads\/2025\/03\/johanna-768x768.jpg 768w\" sizes=\"auto, (max-width: 960px) 100vw, 960px\" \/><\/figure><div class=\"wp-block-media-text__content\">\n<p class=\"has-text-align-center\"><strong><br>Johanna Kolehmainen&nbsp;<\/strong><\/p>\n\n\n\n<p class=\"has-text-align-center\"><em>Ratsastuksenohjaaja, Koulutettu Hieroja, EASEL\u00aeOhjaaja, Hyvinvointi Valmentaja ja Horsebic\u00aeOhjaaja<\/em><\/p>\n\n\n\n<p class=\"has-text-align-center\">huminalehto(a)gmail.com, 0407544846<\/p>\n<\/div><\/div>\n\n\n\n<hr class=\"wp-block-separator has-css-opacity\"\/>\n\n\n\n<div class=\"wp-block-media-text alignwide is-stacked-on-mobile\" style=\"grid-template-columns:32% auto\"><figure class=\"wp-block-media-text__media\"><img loading=\"lazy\" decoding=\"async\" width=\"1024\" height=\"1024\" src=\"https:\/\/www.huminalehto.com\/hevostila\/wp-content\/uploads\/2024\/04\/marjopolle-1024x1024.jpg\" alt=\"\" class=\"wp-image-4286 size-full\" srcset=\"https:\/\/www.huminalehto.com\/hevostila\/wp-content\/uploads\/2024\/04\/marjopolle-1024x1024.jpg 1024w, https:\/\/www.huminalehto.com\/hevostila\/wp-content\/uploads\/2024\/04\/marjopolle-300x300.jpg 300w, https:\/\/www.huminalehto.com\/hevostila\/wp-content\/uploads\/2024\/04\/marjopolle-150x150.jpg 150w, https:\/\/www.huminalehto.com\/hevostila\/wp-content\/uploads\/2024\/04\/marjopolle-768x768.jpg 768w, https:\/\/www.huminalehto.com\/hevostila\/wp-content\/uploads\/2024\/04\/marjopolle-60x60.jpg 60w, https:\/\/www.huminalehto.com\/hevostila\/wp-content\/uploads\/2024\/04\/marjopolle.jpg 1440w\" sizes=\"auto, (max-width: 1024px) 100vw, 1024px\" \/><\/figure><div class=\"wp-block-media-text__content\">\n<p class=\"has-text-align-center\"><strong>Marjo Mantovaara<\/strong><\/p>\n\n\n\n<p class=\"has-text-align-center\">Marjo on Huminalehdon touhut\u00e4ti ja \u201ctallimestari\u201d. Marjo tekee p\u00e4iv\u00e4ty\u00f6ns\u00e4 muualla, mutta vet\u00e4\u00e4 my\u00f6s ponituokioita tarpeen tullen yhdess\u00e4 Oonan kanssa. <\/p>\n<\/div><\/div>\n\n\n\n<hr class=\"wp-block-separator has-css-opacity\"\/>\n\n\n\n<div class=\"wp-block-media-text alignwide is-stacked-on-mobile\" style=\"grid-template-columns:35% auto\"><figure class=\"wp-block-media-text__media\"><img loading=\"lazy\" decoding=\"async\" width=\"300\" height=\"300\" src=\"https:\/\/www.huminalehto.com\/hevostila\/wp-content\/uploads\/2020\/07\/matti-300x300.jpg\" alt=\"\" class=\"wp-image-3734 size-full\" srcset=\"https:\/\/www.huminalehto.com\/hevostila\/wp-content\/uploads\/2020\/07\/matti-300x300.jpg 300w, https:\/\/www.huminalehto.com\/hevostila\/wp-content\/uploads\/2020\/07\/matti-150x150.jpg 150w, https:\/\/www.huminalehto.com\/hevostila\/wp-content\/uploads\/2020\/07\/matti-768x768.jpg 768w, https:\/\/www.huminalehto.com\/hevostila\/wp-content\/uploads\/2020\/07\/matti-250x250.jpg 250w, https:\/\/www.huminalehto.com\/hevostila\/wp-content\/uploads\/2020\/07\/matti-174x174.jpg 174w, https:\/\/www.huminalehto.com\/hevostila\/wp-content\/uploads\/2020\/07\/matti.jpg 916w\" sizes=\"auto, (max-width: 300px) 100vw, 300px\" \/><\/figure><div class=\"wp-block-media-text__content\">\n<p class=\"has-text-align-center\"><strong>Matti Kolehmainen<\/strong><\/p>\n\n\n\n<p class=\"has-text-align-center\">Kengityssepp\u00e4, S\u00e4hk\u00f6asentaja<\/p>\n\n\n\n<p class=\"has-text-align-center\">0505415751<\/p>\n<\/div><\/div>\n\n\n\n<hr class=\"wp-block-separator has-css-opacity\"\/>\n\n\n\n<div class=\"wp-block-media-text alignwide is-stacked-on-mobile\" style=\"grid-template-columns:35% auto\"><figure class=\"wp-block-media-text__media\"><img loading=\"lazy\" decoding=\"async\" width=\"720\" height=\"960\" src=\"https:\/\/www.huminalehto.com\/hevostila\/wp-content\/uploads\/2020\/10\/lapset.jpg\" alt=\"\" class=\"wp-image-3856 size-full\" srcset=\"https:\/\/www.huminalehto.com\/hevostila\/wp-content\/uploads\/2020\/10\/lapset.jpg 720w, https:\/\/www.huminalehto.com\/hevostila\/wp-content\/uploads\/2020\/10\/lapset-225x300.jpg 225w, https:\/\/www.huminalehto.com\/hevostila\/wp-content\/uploads\/2020\/10\/lapset-45x60.jpg 45w\" sizes=\"auto, (max-width: 720px) 100vw, 720px\" \/><\/figure><div class=\"wp-block-media-text__content\">\n<p class=\"has-text-align-center\">Apuk\u00e4sin\u00e4 tilan omat lapset:<\/p>\n\n\n\n<p class=\"has-text-align-center\"><strong>Lilli<\/strong> s.2014,&nbsp;<strong>Maisa<\/strong> s.2011,&nbsp;<strong>Senni<\/strong> s.2009<\/p>\n<\/div><\/div>\n\n\n\n<div class=\"wp-block-group alignwide\"><div class=\"wp-block-group__inner-container is-layout-flow wp-block-group-is-layout-flow\">\n<hr class=\"wp-block-separator has-css-opacity\"\/>\n<\/div><\/div>\n\n\n\n<p>Apuk\u00e4sin\u00e4 tallissa ja tapahtumissa voidaan n\u00e4hd\u00e4 my\u00f6s iloinen joukko ratsastusseuran (POHJOIS-SUOMEN HEVOSHARRASTAJAT) v\u00e4ke\u00e4 ja meid\u00e4n vakkariasiakkaita. <\/p>\n\n\n\n<hr class=\"wp-block-separator has-css-opacity\"\/>\n\n\n\n<p><\/p>\n","protected":false},"excerpt":{"rendered":"<p>Johanna Kolehmainen&nbsp; Ratsastuksenohjaaja, Koulutettu Hieroja, EASEL\u00aeOhjaaja, Hyvinvointi Valmentaja ja Horsebic\u00aeOhjaaja huminalehto(a)gmail.com, 0407544846 Marjo Mantovaara Marjo on Huminalehdon touhut\u00e4ti ja \u201ctallimestari\u201d. Marjo tekee p\u00e4iv\u00e4ty\u00f6ns\u00e4 muualla, mutta vet\u00e4\u00e4 my\u00f6s ponituokioita tarpeen tullen yhdess\u00e4 Oonan kanssa. Matti Kolehmainen Kengityssepp\u00e4, S\u00e4hk\u00f6asentaja 0505415751 Apuk\u00e4sin\u00e4 tilan omat lapset: Lilli s.2014,&nbsp;Maisa s.2011,&nbsp;Senni s.2009 Apuk\u00e4sin\u00e4 tallissa ja tapahtumissa voidaan n\u00e4hd\u00e4 my\u00f6s iloinen joukko &hellip; <\/p>\n","protected":false},"author":1,"featured_media":0,"parent":0,"menu_order":0,"comment_status":"closed","ping_status":"closed","template":"","meta":{"_monsterinsights_skip_tracking":false,"_monsterinsights_sitenote_active":false,"_monsterinsights_sitenote_note":"","_monsterinsights_sitenote_category":0,"footnotes":""},"class_list":["post-12","page","type-page","status-publish","hentry"],"aioseo_notices":[],"_links":{"self":[{"href":"https:\/\/www.huminalehto.com\/hevostila\/wp-json\/wp\/v2\/pages\/12","targetHints":{"allow":["GET"]}}],"collection":[{"href":"https:\/\/www.huminalehto.com\/hevostila\/wp-json\/wp\/v2\/pages"}],"about":[{"href":"https:\/\/www.huminalehto.com\/hevostila\/wp-json\/wp\/v2\/types\/page"}],"author":[{"embeddable":true,"href":"https:\/\/www.huminalehto.com\/hevostila\/wp-json\/wp\/v2\/users\/1"}],"replies":[{"embeddable":true,"href":"https:\/\/www.huminalehto.com\/hevostila\/wp-json\/wp\/v2\/comments?post=12"}],"version-history":[{"count":66,"href":"https:\/\/www.huminalehto.com\/hevostila\/wp-json\/wp\/v2\/pages\/12\/revisions"}],"predecessor-version":[{"id":4686,"href":"https:\/\/www.huminalehto.com\/hevostila\/wp-json\/wp\/v2\/pages\/12\/revisions\/4686"}],"wp:attachment":[{"href":"https:\/\/www.huminalehto.com\/hevostila\/wp-json\/wp\/v2\/media?parent=12"}],"curies":[{"name":"wp","href":"https:\/\/api.w.org\/{rel}","templated":true}]}}