{"id":2197,"date":"2014-06-13T11:09:48","date_gmt":"2014-06-13T08:09:48","guid":{"rendered":"http:\/\/www.huminalehto.com\/hevostila\/?page_id=2197"},"modified":"2025-07-21T15:20:06","modified_gmt":"2025-07-21T12:20:06","slug":"ratsastus","status":"publish","type":"page","link":"https:\/\/www.huminalehto.com\/hevostila\/hevoskoulu\/ratsastus\/","title":{"rendered":"Vakiotunnit"},"content":{"rendered":"<p style=\"text-align: center;\">Vakiotuntien ohjelmaan kuuluu: hevostaito- ja tunnetaitoty\u00f6skentely, ratsastus, ajaminen, teoria, perusistunnan korjaus, hieronta jne. Aiheita sovelletaan s\u00e4iden mukaan. Meill\u00e4 k\u00e4y niin lapsia sek\u00e4 aikuisia vakiotunneilla, mahdollista on my\u00f6s j\u00e4rjest\u00e4\u00e4 vanhempi-lapsi tunteja.<\/p>\n<p style=\"text-align: center;\">Ryhm\u00e4koot ovat maks. 4 hl\u00f6.<\/p>\n<p style=\"text-align: center;\">Opetuksesta vastaa Johanna Kolehmainen.<\/p>\n<p style=\"text-align: center;\">Koulutus: Ratsastuksenohjaaja, Koulutettu Hieroja, EASEL\u00aeOhjaaja, Hyvinvointi Valmentaja, Horsebic Ohjaaja.<\/p>\n<p style=\"text-align: center;\">Perehdymme paljon kehonhallintaan, sek\u00e4 ajatuksiin ja asenteisiin. Keskitymme erityisesti yhteisty\u00f6h\u00f6n ihmisen ja hevosen v\u00e4lill\u00e4.<\/p>\n<p style=\"text-align: center;\">Vakiotunnit j\u00e4rjestet\u00e4\u00e4n ulkona kent\u00e4ll\u00e4, py\u00f6r\u00f6aidassa tai Hyvinvointi Ranchin pihamaan alueella, Tallipirtiss\u00e4 tai tallissa. S\u00e4iden ja kelien mukaan menn\u00e4\u00e4n, joten huomioithan t\u00e4m\u00e4n vaatetuksessasi.<\/p>\n<p style=\"text-align: center;\">Ratsastuksellinen tyylisuuntauksemme on hiukan erilainen kuin ns. normitalleilla. Sekoitamme eri ratsastustyylien parhaita puolia kesken\u00e4\u00e4n.\u00a0<\/p>\n<p style=\"text-align: center;\">Tervetuloa mukaan oppimaan uusia asioita hevosista ja itsest\u00e4si.<\/p>\n<p style=\"text-align: center;\"><a href=\"https:\/\/www.huminalehto.com\/hevostila\/wp-content\/uploads\/2017\/12\/johanna.jpg\"><img loading=\"lazy\" decoding=\"async\" class=\"size-medium wp-image-3531 aligncenter\" src=\"https:\/\/www.huminalehto.com\/hevostila\/wp-content\/uploads\/2017\/12\/johanna-300x298.jpg\" alt=\"\" width=\"300\" height=\"298\" srcset=\"https:\/\/www.huminalehto.com\/hevostila\/wp-content\/uploads\/2017\/12\/johanna-300x298.jpg 300w, https:\/\/www.huminalehto.com\/hevostila\/wp-content\/uploads\/2017\/12\/johanna-150x150.jpg 150w, https:\/\/www.huminalehto.com\/hevostila\/wp-content\/uploads\/2017\/12\/johanna-768x764.jpg 768w, https:\/\/www.huminalehto.com\/hevostila\/wp-content\/uploads\/2017\/12\/johanna-174x174.jpg 174w, https:\/\/www.huminalehto.com\/hevostila\/wp-content\/uploads\/2017\/12\/johanna.jpg 960w\" sizes=\"auto, (max-width: 300px) 100vw, 300px\" \/><\/a><a href=\"https:\/\/www.huminalehto.com\/hevostila\/wp-content\/uploads\/2012\/09\/DSC8564.jpg\"><br \/><\/a><!--more--><\/p>\n<p style=\"text-align: center;\"><strong><em>HUOM! Asiakkaita ei ole vakuutettu yrityksen toimesta. Muista huolehtia\u00a0tapaturmavakuutuksesi voimaan. Vakiotuntilaisille suositeltavaa liitty\u00e4 Pohjois-Suomen Hevosharrastajiin, joka on Suomen Ratsastajainliiton alainen j\u00e4senseura. Yksi j\u00e4seneduista on tapaturmavakuutus. <a href=\"https:\/\/www.facebook.com\/pohjoissuomenhevosharrastajat\">Ratsastusseuran sivut l\u00f6yd\u00e4t FB:st\u00e4.\u00a0<\/a><\/em><\/strong><\/p>\n<p style=\"text-align: center;\"><strong><em>Muistathan ett\u00e4 PERUUTTAMATON tunti veloitetaan normaalisti. Peruutukset tunneille hyviss\u00e4 ajoin, viimeist\u00e4\u00e4n kahta p\u00e4iv\u00e4\u00e4 ennen.<\/em><\/strong><!--more--><\/p>\n<h4><strong>VAKIOTUNNIT (2-4 hengen ryhm\u00e4t)<\/strong><\/h4>\n<ul>\n<li>Vakiotuntikortti 10 krt \u2013 320 \u20ac (Voimassa 3 kk)<\/li>\n<li>Perhekortti 10 krt \u2013 315 \u20ac (Voimassa 1,5 kk)<\/li>\n<li>Tuntikortti 5 krt \u2013 170 \u20ac (Voimassa 6 vkoa)<\/li>\n<li>Tuntikortti 5 krt \u2013 185 \u20ac (Voimassa 10 vkoa)<\/li>\n<li>44 \u20ac \/ h Irtotunti<\/li>\n<\/ul>\n<p>Aloituskortti vakiotunneille 5 krt &#8211; 200 \u20ac.<\/p>\n<p>(Hinnaston p\u00e4ivitys tehty 1.1.2025)<\/p>\n<p><!--more--><\/p>\n<h4><strong>YKSITYISTUNNIT<\/strong><\/h4>\n<ul>\n<li>70 \u20ac \/ 45 min.<\/li>\n<li>2 hl\u00f6 yks\u00e4ritunti &#8211; 65 \u20ac \/ 60 min.<\/li>\n<\/ul>\n<h4><!--more--><\/h4>\n\n\n<figure class=\"wp-block-gallery has-nested-images columns-default is-cropped wp-block-gallery-1 is-layout-flex wp-block-gallery-is-layout-flex\">\n<figure class=\"wp-block-image size-large\"><a href=\"https:\/\/www.huminalehto.com\/hevostila\/wp-content\/uploads\/2024\/06\/PSX_20240620_212711-scaled.jpg\"><img loading=\"lazy\" decoding=\"async\" width=\"1024\" height=\"993\" data-id=\"4306\" src=\"https:\/\/www.huminalehto.com\/hevostila\/wp-content\/uploads\/2024\/06\/PSX_20240620_212711-1024x993.jpg\" alt=\"\" class=\"wp-image-4306\" srcset=\"https:\/\/www.huminalehto.com\/hevostila\/wp-content\/uploads\/2024\/06\/PSX_20240620_212711-1024x993.jpg 1024w, https:\/\/www.huminalehto.com\/hevostila\/wp-content\/uploads\/2024\/06\/PSX_20240620_212711-300x291.jpg 300w, https:\/\/www.huminalehto.com\/hevostila\/wp-content\/uploads\/2024\/06\/PSX_20240620_212711-768x745.jpg 768w, https:\/\/www.huminalehto.com\/hevostila\/wp-content\/uploads\/2024\/06\/PSX_20240620_212711-1536x1489.jpg 1536w, https:\/\/www.huminalehto.com\/hevostila\/wp-content\/uploads\/2024\/06\/PSX_20240620_212711-2048x1986.jpg 2048w, https:\/\/www.huminalehto.com\/hevostila\/wp-content\/uploads\/2024\/06\/PSX_20240620_212711-62x60.jpg 62w\" sizes=\"auto, (max-width: 1024px) 100vw, 1024px\" \/><\/a><\/figure>\n\n\n\n<figure class=\"wp-block-image size-large\"><a href=\"https:\/\/www.huminalehto.com\/hevostila\/wp-content\/uploads\/2024\/02\/cropped-MG_2474.jpg\"><img loading=\"lazy\" decoding=\"async\" width=\"1024\" height=\"373\" data-id=\"4251\" src=\"https:\/\/www.huminalehto.com\/hevostila\/wp-content\/uploads\/2024\/02\/cropped-MG_2474-1024x373.jpg\" alt=\"\" class=\"wp-image-4251\" srcset=\"https:\/\/www.huminalehto.com\/hevostila\/wp-content\/uploads\/2024\/02\/cropped-MG_2474-1024x373.jpg 1024w, https:\/\/www.huminalehto.com\/hevostila\/wp-content\/uploads\/2024\/02\/cropped-MG_2474-300x109.jpg 300w, https:\/\/www.huminalehto.com\/hevostila\/wp-content\/uploads\/2024\/02\/cropped-MG_2474-768x280.jpg 768w, https:\/\/www.huminalehto.com\/hevostila\/wp-content\/uploads\/2024\/02\/cropped-MG_2474-1536x560.jpg 1536w, https:\/\/www.huminalehto.com\/hevostila\/wp-content\/uploads\/2024\/02\/cropped-MG_2474-165x60.jpg 165w, https:\/\/www.huminalehto.com\/hevostila\/wp-content\/uploads\/2024\/02\/cropped-MG_2474.jpg 1920w\" sizes=\"auto, (max-width: 1024px) 100vw, 1024px\" \/><\/a><\/figure>\n\n\n\n<figure class=\"wp-block-image size-large\"><a href=\"https:\/\/www.huminalehto.com\/hevostila\/wp-content\/uploads\/2024\/02\/7.jpg\"><img loading=\"lazy\" decoding=\"async\" width=\"1024\" height=\"819\" data-id=\"4249\" src=\"https:\/\/www.huminalehto.com\/hevostila\/wp-content\/uploads\/2024\/02\/7-1024x819.jpg\" alt=\"\" class=\"wp-image-4249\" srcset=\"https:\/\/www.huminalehto.com\/hevostila\/wp-content\/uploads\/2024\/02\/7-1024x819.jpg 1024w, https:\/\/www.huminalehto.com\/hevostila\/wp-content\/uploads\/2024\/02\/7-300x240.jpg 300w, https:\/\/www.huminalehto.com\/hevostila\/wp-content\/uploads\/2024\/02\/7-768x614.jpg 768w, https:\/\/www.huminalehto.com\/hevostila\/wp-content\/uploads\/2024\/02\/7-1536x1229.jpg 1536w, https:\/\/www.huminalehto.com\/hevostila\/wp-content\/uploads\/2024\/02\/7-75x60.jpg 75w, https:\/\/www.huminalehto.com\/hevostila\/wp-content\/uploads\/2024\/02\/7.jpg 2000w\" sizes=\"auto, (max-width: 1024px) 100vw, 1024px\" \/><\/a><\/figure>\n\n\n\n<figure class=\"wp-block-image size-large\"><a href=\"https:\/\/www.huminalehto.com\/hevostila\/wp-content\/uploads\/2023\/10\/cropped-20230914_192607-scaled-1.jpg\"><img loading=\"lazy\" decoding=\"async\" width=\"1024\" height=\"373\" data-id=\"4247\" src=\"https:\/\/www.huminalehto.com\/hevostila\/wp-content\/uploads\/2023\/10\/cropped-20230914_192607-scaled-1-1024x373.jpg\" alt=\"\" class=\"wp-image-4247\" srcset=\"https:\/\/www.huminalehto.com\/hevostila\/wp-content\/uploads\/2023\/10\/cropped-20230914_192607-scaled-1-1024x373.jpg 1024w, https:\/\/www.huminalehto.com\/hevostila\/wp-content\/uploads\/2023\/10\/cropped-20230914_192607-scaled-1-300x109.jpg 300w, https:\/\/www.huminalehto.com\/hevostila\/wp-content\/uploads\/2023\/10\/cropped-20230914_192607-scaled-1-768x280.jpg 768w, https:\/\/www.huminalehto.com\/hevostila\/wp-content\/uploads\/2023\/10\/cropped-20230914_192607-scaled-1-1536x560.jpg 1536w, https:\/\/www.huminalehto.com\/hevostila\/wp-content\/uploads\/2023\/10\/cropped-20230914_192607-scaled-1-165x60.jpg 165w, https:\/\/www.huminalehto.com\/hevostila\/wp-content\/uploads\/2023\/10\/cropped-20230914_192607-scaled-1.jpg 1920w\" sizes=\"auto, (max-width: 1024px) 100vw, 1024px\" \/><\/a><\/figure>\n\n\n\n<figure class=\"wp-block-image size-large\"><a href=\"https:\/\/www.huminalehto.com\/hevostila\/wp-content\/uploads\/2023\/10\/DSCN1579-scaled.jpg\"><img loading=\"lazy\" decoding=\"async\" width=\"1024\" height=\"768\" data-id=\"4171\" src=\"https:\/\/www.huminalehto.com\/hevostila\/wp-content\/uploads\/2023\/10\/DSCN1579-1024x768.jpg\" alt=\"\" class=\"wp-image-4171\" srcset=\"https:\/\/www.huminalehto.com\/hevostila\/wp-content\/uploads\/2023\/10\/DSCN1579-1024x768.jpg 1024w, https:\/\/www.huminalehto.com\/hevostila\/wp-content\/uploads\/2023\/10\/DSCN1579-300x225.jpg 300w, https:\/\/www.huminalehto.com\/hevostila\/wp-content\/uploads\/2023\/10\/DSCN1579-768x576.jpg 768w, https:\/\/www.huminalehto.com\/hevostila\/wp-content\/uploads\/2023\/10\/DSCN1579-1536x1152.jpg 1536w, https:\/\/www.huminalehto.com\/hevostila\/wp-content\/uploads\/2023\/10\/DSCN1579-2048x1536.jpg 2048w, https:\/\/www.huminalehto.com\/hevostila\/wp-content\/uploads\/2023\/10\/DSCN1579-80x60.jpg 80w\" sizes=\"auto, (max-width: 1024px) 100vw, 1024px\" \/><\/a><\/figure>\n\n\n\n<figure class=\"wp-block-image size-large\"><a href=\"https:\/\/www.huminalehto.com\/hevostila\/wp-content\/uploads\/2020\/11\/Huminalehto-10-of-25-1-scaled.jpg\"><img loading=\"lazy\" decoding=\"async\" width=\"1024\" height=\"683\" data-id=\"3961\" src=\"https:\/\/www.huminalehto.com\/hevostila\/wp-content\/uploads\/2020\/11\/Huminalehto-10-of-25-1-1024x683.jpg\" alt=\"\" class=\"wp-image-3961\" srcset=\"https:\/\/www.huminalehto.com\/hevostila\/wp-content\/uploads\/2020\/11\/Huminalehto-10-of-25-1-1024x683.jpg 1024w, https:\/\/www.huminalehto.com\/hevostila\/wp-content\/uploads\/2020\/11\/Huminalehto-10-of-25-1-300x200.jpg 300w, https:\/\/www.huminalehto.com\/hevostila\/wp-content\/uploads\/2020\/11\/Huminalehto-10-of-25-1-768x512.jpg 768w, https:\/\/www.huminalehto.com\/hevostila\/wp-content\/uploads\/2020\/11\/Huminalehto-10-of-25-1-1536x1024.jpg 1536w, https:\/\/www.huminalehto.com\/hevostila\/wp-content\/uploads\/2020\/11\/Huminalehto-10-of-25-1-2048x1365.jpg 2048w, https:\/\/www.huminalehto.com\/hevostila\/wp-content\/uploads\/2020\/11\/Huminalehto-10-of-25-1-90x60.jpg 90w\" sizes=\"auto, (max-width: 1024px) 100vw, 1024px\" \/><\/a><\/figure>\n\n\n\n<figure class=\"wp-block-image size-large\"><a href=\"https:\/\/www.huminalehto.com\/hevostila\/wp-content\/uploads\/2019\/11\/plutten.jpg\"><img loading=\"lazy\" decoding=\"async\" width=\"960\" height=\"960\" data-id=\"3692\" src=\"https:\/\/www.huminalehto.com\/hevostila\/wp-content\/uploads\/2019\/11\/plutten.jpg\" alt=\"\" class=\"wp-image-3692\" srcset=\"https:\/\/www.huminalehto.com\/hevostila\/wp-content\/uploads\/2019\/11\/plutten.jpg 960w, https:\/\/www.huminalehto.com\/hevostila\/wp-content\/uploads\/2019\/11\/plutten-150x150.jpg 150w, https:\/\/www.huminalehto.com\/hevostila\/wp-content\/uploads\/2019\/11\/plutten-300x300.jpg 300w, https:\/\/www.huminalehto.com\/hevostila\/wp-content\/uploads\/2019\/11\/plutten-768x768.jpg 768w, https:\/\/www.huminalehto.com\/hevostila\/wp-content\/uploads\/2019\/11\/plutten-250x250.jpg 250w, https:\/\/www.huminalehto.com\/hevostila\/wp-content\/uploads\/2019\/11\/plutten-174x174.jpg 174w\" sizes=\"auto, (max-width: 960px) 100vw, 960px\" \/><\/a><\/figure>\n\n\n\n<figure class=\"wp-block-image size-large\"><a href=\"https:\/\/www.huminalehto.com\/hevostila\/wp-content\/uploads\/2018\/10\/syntt\u00e4rit2.jpg\"><img loading=\"lazy\" decoding=\"async\" width=\"640\" height=\"360\" data-id=\"3660\" src=\"https:\/\/www.huminalehto.com\/hevostila\/wp-content\/uploads\/2018\/10\/syntt\u00e4rit2.jpg\" alt=\"\" class=\"wp-image-3660\" srcset=\"https:\/\/www.huminalehto.com\/hevostila\/wp-content\/uploads\/2018\/10\/syntt\u00e4rit2.jpg 640w, https:\/\/www.huminalehto.com\/hevostila\/wp-content\/uploads\/2018\/10\/syntt\u00e4rit2-300x169.jpg 300w\" sizes=\"auto, (max-width: 640px) 100vw, 640px\" \/><\/a><\/figure>\n\n\n\n<figure class=\"wp-block-image size-large\"><a href=\"https:\/\/www.huminalehto.com\/hevostila\/wp-content\/uploads\/2024\/07\/IMG_6382-1-scaled.jpg\"><img loading=\"lazy\" decoding=\"async\" width=\"576\" height=\"1024\" data-id=\"4329\" src=\"https:\/\/www.huminalehto.com\/hevostila\/wp-content\/uploads\/2024\/07\/IMG_6382-1-576x1024.jpg\" alt=\"\" class=\"wp-image-4329\" srcset=\"https:\/\/www.huminalehto.com\/hevostila\/wp-content\/uploads\/2024\/07\/IMG_6382-1-576x1024.jpg 576w, https:\/\/www.huminalehto.com\/hevostila\/wp-content\/uploads\/2024\/07\/IMG_6382-1-169x300.jpg 169w, https:\/\/www.huminalehto.com\/hevostila\/wp-content\/uploads\/2024\/07\/IMG_6382-1-768x1364.jpg 768w, https:\/\/www.huminalehto.com\/hevostila\/wp-content\/uploads\/2024\/07\/IMG_6382-1-865x1536.jpg 865w, https:\/\/www.huminalehto.com\/hevostila\/wp-content\/uploads\/2024\/07\/IMG_6382-1-1153x2048.jpg 1153w, https:\/\/www.huminalehto.com\/hevostila\/wp-content\/uploads\/2024\/07\/IMG_6382-1-34x60.jpg 34w, https:\/\/www.huminalehto.com\/hevostila\/wp-content\/uploads\/2024\/07\/IMG_6382-1-scaled.jpg 1441w\" sizes=\"auto, (max-width: 576px) 100vw, 576px\" \/><\/a><\/figure>\n<\/figure>\n\n\n\n<hr class=\"wp-block-separator has-css-opacity\"\/>\n\n\n\n<p><\/p>\n","protected":false},"excerpt":{"rendered":"<p>Vakiotuntien ohjelmaan kuuluu: hevostaito- ja tunnetaitoty\u00f6skentely, ratsastus, ajaminen, teoria, perusistunnan korjaus, hieronta jne. Aiheita sovelletaan s\u00e4iden mukaan. Meill\u00e4 k\u00e4y niin lapsia sek\u00e4 aikuisia vakiotunneilla, mahdollista on my\u00f6s j\u00e4rjest\u00e4\u00e4 vanhempi-lapsi tunteja. Ryhm\u00e4koot ovat maks. 4 hl\u00f6. Opetuksesta vastaa Johanna Kolehmainen. Koulutus: Ratsastuksenohjaaja, Koulutettu Hieroja, EASEL\u00aeOhjaaja, Hyvinvointi Valmentaja, Horsebic Ohjaaja. Perehdymme paljon kehonhallintaan, sek\u00e4 ajatuksiin ja asenteisiin. &hellip; <\/p>\n","protected":false},"author":1,"featured_media":0,"parent":2155,"menu_order":0,"comment_status":"closed","ping_status":"closed","template":"","meta":{"_monsterinsights_skip_tracking":false,"_monsterinsights_sitenote_active":false,"_monsterinsights_sitenote_note":"","_monsterinsights_sitenote_category":0,"footnotes":""},"class_list":["post-2197","page","type-page","status-publish","hentry"],"aioseo_notices":[],"_links":{"self":[{"href":"https:\/\/www.huminalehto.com\/hevostila\/wp-json\/wp\/v2\/pages\/2197","targetHints":{"allow":["GET"]}}],"collection":[{"href":"https:\/\/www.huminalehto.com\/hevostila\/wp-json\/wp\/v2\/pages"}],"about":[{"href":"https:\/\/www.huminalehto.com\/hevostila\/wp-json\/wp\/v2\/types\/page"}],"author":[{"embeddable":true,"href":"https:\/\/www.huminalehto.com\/hevostila\/wp-json\/wp\/v2\/users\/1"}],"replies":[{"embeddable":true,"href":"https:\/\/www.huminalehto.com\/hevostila\/wp-json\/wp\/v2\/comments?post=2197"}],"version-history":[{"count":85,"href":"https:\/\/www.huminalehto.com\/hevostila\/wp-json\/wp\/v2\/pages\/2197\/revisions"}],"predecessor-version":[{"id":4824,"href":"https:\/\/www.huminalehto.com\/hevostila\/wp-json\/wp\/v2\/pages\/2197\/revisions\/4824"}],"up":[{"embeddable":true,"href":"https:\/\/www.huminalehto.com\/hevostila\/wp-json\/wp\/v2\/pages\/2155"}],"wp:attachment":[{"href":"https:\/\/www.huminalehto.com\/hevostila\/wp-json\/wp\/v2\/media?parent=2197"}],"curies":[{"name":"wp","href":"https:\/\/api.w.org\/{rel}","templated":true}]}}