{"id":2322,"date":"2014-07-04T10:38:25","date_gmt":"2014-07-04T07:38:25","guid":{"rendered":"http:\/\/www.huminalehto.com\/hevostila\/?page_id=2322"},"modified":"2024-02-07T12:49:22","modified_gmt":"2024-02-07T10:49:22","slug":"2322-2","status":"publish","type":"page","link":"https:\/\/www.huminalehto.com\/hevostila\/blogi\/2322-2\/","title":{"rendered":"Hevostaidot"},"content":{"rendered":"<p>Hevostaidot termi on mielenkiintoinen. Se pit\u00e4\u00e4 sis\u00e4ll\u00e4\u00e4n hurjan paljon asioita, mutta ennenkaikkea hevostaitoinen ihminen osaa lukea hevosen elekielt\u00e4 ja sen tunnetiloja.<\/p>\n<p>T\u00e4rkeit\u00e4 asioita ovat:<\/p>\n<ul>\n<li>Hevosen aistit.<\/li>\n<li>Hevosen kehonkieli ja laumak\u00e4ytt\u00e4ytymisen perusperiaatteet.<\/li>\n<li>\u201dTasapainon, ajoituksen ja tunteen yhdist\u00e4misest\u00e4\u201d \u2013k\u00e4sittelyss\u00e4.<\/li>\n<li>Kuinka hevonen oppii ja miten sen aikaisemmin opitut asiat vaikuttavat nykyhetkeen.<\/li>\n<li>Miten se reagoi erilaisissa ymp\u00e4rist\u00f6iss\u00e4?<\/li>\n<\/ul>\n<p>Nykyajan hevosmaailma on valitettavan kaukana siit\u00e4 ymp\u00e4rist\u00f6st\u00e4 johon hevonen on alunperin luotu. Isot ja kiireiset tallit eiv\u00e4t ole paras ymp\u00e4rist\u00f6 hevosille, koska se on kaukana niiden luonnollisesta elinymp\u00e4rist\u00f6st\u00e4. Yleinen stressitaso on helposti korkea, kiire ja yleinen h\u00e4lin\u00e4 aiheuttaa tunnetason kuormittumista. Hevoset p\u00e4\u00e4s\u00e4\u00e4nt\u00f6isesti viihtyv\u00e4t paremmin pienemmiss\u00e4 ja ei-niin-kiireisiss\u00e4 talliymp\u00e4rist\u00f6iss\u00e4. Onhan todistettu, ett\u00e4 hevosten ep\u00e4toivottu stereotypinen k\u00e4ytt\u00e4ytyminen (huonot tallitavat) v\u00e4henev\u00e4t laumatarhauksessa ja rauhallisessa ymp\u00e4rist\u00f6ss\u00e4.<\/p>\n<p>Hevostaitojen oppiminen vie el\u00e4m\u00e4n, kukaan ei ole koskaan valmis aina voi oppia lis\u00e4\u00e4 ja uutta. Kuinka pitk\u00e4ll\u00e4 sin\u00e4 olet nyt? Erotatko stressaantuneen ja rennon hevosen? Osaatko muuttaa omaa k\u00e4ytt\u00e4ytymist\u00e4si ja tunnetilojasi erilaisten hevosten kanssa? Haluavatko hevoset olla kanssasi? Tulevatko hevoset tervehtim\u00e4\u00e4n sinua helposti? J\u00e4\u00e4k\u00f6 vapaana oleva hevonen luoksesi?<\/p>\n<p>Hevonen hakeutuu luontaisesti laumaj\u00e4rjestykseen, sen johtajana laumassa toimii aina viisaampi ja \u201dhenkisesti vanhempi\u201d hevonen. Joskus ns. pomottava hevonen on n\u00e4enn\u00e4isesti laumanjohtaja, mutta silti taustalla h\u00e4\u00e4rii aina vanhempi tamma (tai ruuna), jonka esimerkki\u00e4 seurataan vaikeissa tilanteissa. Hevoset viihtyv\u00e4t siis rauhallisessa ja j\u00e4rkev\u00e4ss\u00e4 seurassa, ne hakeutuvat luontaisesti sellaisten hevosten ja ihmisten luo.<\/p>\n<p>Wendy Murdoch k\u00e4sittelee kirjassaa \u201dSimplify Your Riding\u201d paljon asioita oppimisesta, ihmisen kehosta ja asennosta, apujen ajoittamisesta ja syv\u00e4st\u00e4 istunnasta. H\u00e4n toteaa er\u00e4\u00e4n luvun alussa seuraavaa: \u201d<strong><em>In exposure to dedicated western riders, the words \u201dbalance, timing and feel\u201d have become hallmarks in my mind. It seem that these concepts are the essence of a \u201dgood horseman\u201d and what many Western riders and trainers seek in order to have harmony with their horse.\u201d<\/em><\/strong><\/p>\n<p>Tasapaino, ajoitus ja tunne ovat siis t\u00e4rkeit\u00e4 asioita.<\/p>\n<p>Ihmisten v\u00e4lisess\u00e4 kommunikoinnissa haemme my\u00f6s samoja asiota, joita hevonen arvostaa eli l\u00e4sn\u00e4oloa ja rauhaa. Esimerkiksi hyv\u00e4 keskustelu rakentuu tasapainoisesta ajatustenvaihdosta, oikeanaikaisista puheenvuoroista sek\u00e4 ymm\u00e4rryksest\u00e4 ja my\u00f6t\u00e4tuntoisesta asenteesta. Asenteiden ja ajatusten kohtaaminen on arvostettava asia, silloin tulee helposti tunne yhteydest\u00e4, jota on vaikea sanoin selitt\u00e4\u00e4. Ollaan ns. samalla aaltopituudella.<\/p>\n<p>Hevonen el\u00e4\u00e4 t\u00e4ss\u00e4 hetkess\u00e4, ei se ajattele mit\u00e4 tapahtui viisi minuuttia sitten tai mit\u00e4 tapahtuu puolentunnin p\u00e4\u00e4st\u00e4. T\u00e4m\u00e4 on yksi vaikeimmista asioista omaksua meille ihmisille. Ihmisen tulee oppia el\u00e4m\u00e4\u00e4n my\u00f6s \u201cT\u00c4SS\u00c4 JA NYT\u201d. Hevoset ovat my\u00f6s tarkkoja sille, miten niit\u00e4 kosketetaan. Rauhallinen ja pehme\u00e4 -ote harjauksessa ja k\u00e4sittelyss\u00e4 miellytt\u00e4\u00e4 hevosia paljon enemm\u00e4n kuin nopea ja ripe\u00e4 \u2013ote. Toiset hevoset ovat kovin tarkkoja, ja huomauttavat ihmiselle v\u00e4\u00e4r\u00e4nlaisesta otteesta. T\u00e4rkeint\u00e4 olisikin oppia tuntemaan pienet eleet ja ilmeet, joilla hevonen kertoo ettei se ole tyytyv\u00e4inen. Rauhallisen ja rennon olotilan saavuttaminen alkaa jo talliin astuessa. T\u00e4rke\u00e4\u00e4 onkin siis varata tarpeeksi aikaa hevosen harjaamiseen ja varustamiseen. Oma taitonsa onkin sitten, tehd\u00e4 asioita tiukassa aikataulussa ilman kiireen ja h\u00e4d\u00e4n olemassaoloa.<\/p>\n<p>Oikean tunnetilan saavuttaminen on t\u00e4rkein asia. Hevoset ja el\u00e4imet tulevat hyvin toimeen lasten kanssa, koska lapset ovat rehellisesti sellaisia kuin ovat. Oikeanlainen asenne nouseekin esiin aina hevosten kanssa. Oletko sin\u00e4 valmis muuttamaan omia toimintatapojasi, kurkkaamaan ehk\u00e4 uuden nurkan taakse, jotta matka kohti parempia hevostaitoja voisi edes alkaa?<a href=\"https:\/\/www.huminalehto.com\/hevostila\/wp-content\/uploads\/2014\/07\/DSC8360.jpg\"><img loading=\"lazy\" decoding=\"async\" class=\"aligncenter wp-image-2327 size-medium\" src=\"https:\/\/www.huminalehto.com\/hevostila\/wp-content\/uploads\/2014\/07\/1391811_525865444163404_1886958729_n-300x201.jpg\" alt=\"1391811_525865444163404_1886958729_n\" width=\"300\" height=\"201\" srcset=\"https:\/\/www.huminalehto.com\/hevostila\/wp-content\/uploads\/2014\/07\/1391811_525865444163404_1886958729_n-300x201.jpg 300w, https:\/\/www.huminalehto.com\/hevostila\/wp-content\/uploads\/2014\/07\/1391811_525865444163404_1886958729_n-624x419.jpg 624w, https:\/\/www.huminalehto.com\/hevostila\/wp-content\/uploads\/2014\/07\/1391811_525865444163404_1886958729_n.jpg 800w\" sizes=\"auto, (max-width: 300px) 100vw, 300px\" \/><\/a><\/p>\n<p style=\"text-align: center;\"><em>Hevosen eteenp\u00e4in vieminen maasta, tai sel\u00e4st\u00e4, ei onnistu jos hevosen mieli ei ole rento. Rento hevonen oppii paremmin, sama p\u00e4tee ihmiseen.<\/em><\/p>\n<p><a href=\"https:\/\/www.huminalehto.com\/hevostila\/wp-content\/uploads\/2014\/07\/10372157_644330032316944_7402086386949966204_n.jpg\"><img loading=\"lazy\" decoding=\"async\" class=\"aligncenter wp-image-2325 size-medium\" src=\"https:\/\/www.huminalehto.com\/hevostila\/wp-content\/uploads\/2014\/07\/10372157_644330032316944_7402086386949966204_n-300x205.jpg\" alt=\"10372157_644330032316944_7402086386949966204_n\" width=\"300\" height=\"205\" srcset=\"https:\/\/www.huminalehto.com\/hevostila\/wp-content\/uploads\/2014\/07\/10372157_644330032316944_7402086386949966204_n-300x205.jpg 300w, https:\/\/www.huminalehto.com\/hevostila\/wp-content\/uploads\/2014\/07\/10372157_644330032316944_7402086386949966204_n-624x427.jpg 624w, https:\/\/www.huminalehto.com\/hevostila\/wp-content\/uploads\/2014\/07\/10372157_644330032316944_7402086386949966204_n.jpg 960w\" sizes=\"auto, (max-width: 300px) 100vw, 300px\" \/><\/a><\/p>\n<p style=\"text-align: center;\"><i>Vesikupille mahdutaan vaikka yhdess\u00e4.\u00a0<\/i><i>Huminalehdon Pilkku oli \u00e4\u00e4rimm\u00e4isen hyv\u00e4 johtajahevonen.<\/i><\/p>\n<p style=\"text-align: center;\"><a href=\"https:\/\/www.huminalehto.com\/hevostila\/wp-content\/uploads\/2014\/07\/DSC8360.jpg\"><img loading=\"lazy\" decoding=\"async\" class=\"aligncenter wp-image-2323 size-medium\" src=\"https:\/\/www.huminalehto.com\/hevostila\/wp-content\/uploads\/2014\/07\/DSC8360-198x300.jpg\" alt=\"_DSC8360\" width=\"198\" height=\"300\" srcset=\"https:\/\/www.huminalehto.com\/hevostila\/wp-content\/uploads\/2014\/07\/DSC8360-198x300.jpg 198w, https:\/\/www.huminalehto.com\/hevostila\/wp-content\/uploads\/2014\/07\/DSC8360-678x1024.jpg 678w, https:\/\/www.huminalehto.com\/hevostila\/wp-content\/uploads\/2014\/07\/DSC8360-624x942.jpg 624w\" sizes=\"auto, (max-width: 198px) 100vw, 198px\" \/><\/a><\/p>\n<p style=\"text-align: center;\"><em>Hevoslaumassa opetellaan jatkuvasti\u00a0\u201doikeanlaista olemista\u201d. Hienoa ja opettavaista seurattavaa meille ihmisille.<\/em><\/p>\n<p style=\"text-align: center;\"><a href=\"https:\/\/www.huminalehto.com\/hevostila\/wp-content\/uploads\/2014\/07\/DSC_0554.jpg\"><img loading=\"lazy\" decoding=\"async\" class=\"aligncenter wp-image-2328 size-medium\" src=\"https:\/\/www.huminalehto.com\/hevostila\/wp-content\/uploads\/2014\/07\/DSC_0554-300x207.jpg\" alt=\"DSC_0554\" width=\"300\" height=\"207\" srcset=\"https:\/\/www.huminalehto.com\/hevostila\/wp-content\/uploads\/2014\/07\/DSC_0554-300x207.jpg 300w, https:\/\/www.huminalehto.com\/hevostila\/wp-content\/uploads\/2014\/07\/DSC_0554-1024x707.jpg 1024w, https:\/\/www.huminalehto.com\/hevostila\/wp-content\/uploads\/2014\/07\/DSC_0554-624x431.jpg 624w\" sizes=\"auto, (max-width: 300px) 100vw, 300px\" \/><\/a><\/p>\n<p style=\"text-align: center;\"><i>&#8221;Hevonen peilaa ihmist\u00e4.&#8221; On helppoa touhuta ja ratsastaa hevosta, jonka kanssa on\u00a0\u201dsamalla aaltopituudella\u201d. Ihmisen hyv\u00e4 l\u00e4sn\u00e4olo, motivaatioa ja asenne ovat t\u00e4rkeimpi\u00e4 ominaisuuksia ratsastuksen opettelussa.<\/i><\/p>\n","protected":false},"excerpt":{"rendered":"<p>Hevostaidot termi on mielenkiintoinen. Se pit\u00e4\u00e4 sis\u00e4ll\u00e4\u00e4n hurjan paljon asioita, mutta ennenkaikkea hevostaitoinen ihminen osaa lukea hevosen elekielt\u00e4 ja sen tunnetiloja. T\u00e4rkeit\u00e4 asioita ovat: Hevosen aistit. Hevosen kehonkieli ja laumak\u00e4ytt\u00e4ytymisen perusperiaatteet. \u201dTasapainon, ajoituksen ja tunteen yhdist\u00e4misest\u00e4\u201d \u2013k\u00e4sittelyss\u00e4. Kuinka hevonen oppii ja miten sen aikaisemmin opitut asiat vaikuttavat nykyhetkeen. Miten se reagoi erilaisissa ymp\u00e4rist\u00f6iss\u00e4? Nykyajan hevosmaailma &hellip; <\/p>\n","protected":false},"author":1,"featured_media":0,"parent":16,"menu_order":0,"comment_status":"closed","ping_status":"closed","template":"","meta":{"_monsterinsights_skip_tracking":false,"_monsterinsights_sitenote_active":false,"_monsterinsights_sitenote_note":"","_monsterinsights_sitenote_category":0,"footnotes":""},"class_list":["post-2322","page","type-page","status-publish","hentry"],"aioseo_notices":[],"_links":{"self":[{"href":"https:\/\/www.huminalehto.com\/hevostila\/wp-json\/wp\/v2\/pages\/2322","targetHints":{"allow":["GET"]}}],"collection":[{"href":"https:\/\/www.huminalehto.com\/hevostila\/wp-json\/wp\/v2\/pages"}],"about":[{"href":"https:\/\/www.huminalehto.com\/hevostila\/wp-json\/wp\/v2\/types\/page"}],"author":[{"embeddable":true,"href":"https:\/\/www.huminalehto.com\/hevostila\/wp-json\/wp\/v2\/users\/1"}],"replies":[{"embeddable":true,"href":"https:\/\/www.huminalehto.com\/hevostila\/wp-json\/wp\/v2\/comments?post=2322"}],"version-history":[{"count":8,"href":"https:\/\/www.huminalehto.com\/hevostila\/wp-json\/wp\/v2\/pages\/2322\/revisions"}],"predecessor-version":[{"id":4231,"href":"https:\/\/www.huminalehto.com\/hevostila\/wp-json\/wp\/v2\/pages\/2322\/revisions\/4231"}],"up":[{"embeddable":true,"href":"https:\/\/www.huminalehto.com\/hevostila\/wp-json\/wp\/v2\/pages\/16"}],"wp:attachment":[{"href":"https:\/\/www.huminalehto.com\/hevostila\/wp-json\/wp\/v2\/media?parent=2322"}],"curies":[{"name":"wp","href":"https:\/\/api.w.org\/{rel}","templated":true}]}}