{"id":2508,"date":"2014-12-09T11:37:51","date_gmt":"2014-12-09T09:37:51","guid":{"rendered":"http:\/\/www.huminalehto.com\/hevostila\/?page_id=2508"},"modified":"2024-12-17T11:18:46","modified_gmt":"2024-12-17T09:18:46","slug":"maastoratsastus","status":"publish","type":"page","link":"https:\/\/www.huminalehto.com\/hevostila\/hevoskoulu\/maastoratsastus\/","title":{"rendered":"Maastoratsastus"},"content":{"rendered":"\n<p><strong>PIHAMAA MAASTO<\/strong><\/p>\n\n\n\n<p>On tarkoitettu p\u00e4\u00e4osin v\u00e4hemm\u00e4n ratsastaneille. Hevoskoulun pihapiiriss\u00e4 p\u00e4\u00e4semme harjoittelemaan maastoratsastuksen taitoja, tilan ymp\u00e4rill\u00e4 on erilaisia polkuja ja reittej\u00e4 yl\u00e4- ja alam\u00e4kineen.<\/p>\n\n\n\n<p>Pihamaa Maasto sopii aikusille ja lapsille, on mahdollista j\u00e4rjest\u00e4\u00e4 my\u00f6s ryhm\u00e4 taluttajien kera. Pihamaa Maasto on esimerkiksi polttareihin hauska kokemus.<\/p>\n\n\n\n<p>Maastoratsastus kehitt\u00e4\u00e4 ratsastajan istuntaa ja koordinaatiota. Yl\u00e4- ja alam\u00e4et, ojien ylitt\u00e4minen, pellon laitaa ratsatus ja muu ep\u00e4tasainen maasto luovat paljon uusia kokemuksia.<\/p>\n\n\n\n<ul class=\"wp-block-list\"><li>Yksityistunti 70 \u20ac \/ krt<\/li><li>Ryhm\u00e4ss\u00e4 44 \u20ac \/ krt<\/li><\/ul>\n\n\n\n<hr class=\"wp-block-separator\"\/>\n\n\n<h4><strong>HURUVAARAN MAASTOLENKKI (kesto n. 2 h)<\/strong><\/h4>\n<p>Maastossa ratsastaminen on mahdollista vain <em>kokeneille ratsastajille! <\/em>Vaikka hevosemme ovat kilttej\u00e4, on t\u00e4rke\u00e4\u00e4, ett\u00e4 ratsastajalla on valmiudet pysy\u00e4 satulassa esim. hevosen s\u00e4ik\u00e4ht\u00e4ess\u00e4. Ik\u00e4raja 12 vuotta.<\/p>\n<p>Huruvaaran 2 h maastolenkit menn\u00e4\u00e4n rennon letke\u00e4sti pohjatilanteiden mukaan.<\/p>\n<ul>\n<li>2 h &#8211; 65 \u20ac (3-5 hl\u00f6 ryhm\u00e4)<\/li>\n<li>2 h &#8211; 100 \u20ac (2 hl\u00f6 ryhm\u00e4)<\/li>\n<\/ul>\n<p><strong>Kysy maastolenkki aikoja hyviss\u00e4 ajoin! Ajanvarausta tehdess\u00e4si, kerro my\u00f6s kokemuksesi, sek\u00e4 pituus ja painotiedot.\u00a0<\/strong><\/p>\n<p><!--more--><\/p>\n<p style=\"text-align: center;\"><em>L\u00e4hell\u00e4 tallia on helppo ja hyv\u00e4 harjoitella maastossa ratsastamista.\u00a0<\/em><\/p>\n\n\n<div class=\"wp-block-image is-style-default\"><figure class=\"aligncenter size-large\"><a href=\"https:\/\/www.huminalehto.com\/hevostila\/wp-content\/uploads\/2024\/07\/IMG_6382-1-scaled.jpg\"><img loading=\"lazy\" decoding=\"async\" width=\"576\" height=\"1024\" src=\"https:\/\/www.huminalehto.com\/hevostila\/wp-content\/uploads\/2024\/07\/IMG_6382-1-576x1024.jpg\" alt=\"\" class=\"wp-image-4329\" srcset=\"https:\/\/www.huminalehto.com\/hevostila\/wp-content\/uploads\/2024\/07\/IMG_6382-1-576x1024.jpg 576w, https:\/\/www.huminalehto.com\/hevostila\/wp-content\/uploads\/2024\/07\/IMG_6382-1-169x300.jpg 169w, https:\/\/www.huminalehto.com\/hevostila\/wp-content\/uploads\/2024\/07\/IMG_6382-1-768x1364.jpg 768w, https:\/\/www.huminalehto.com\/hevostila\/wp-content\/uploads\/2024\/07\/IMG_6382-1-865x1536.jpg 865w, https:\/\/www.huminalehto.com\/hevostila\/wp-content\/uploads\/2024\/07\/IMG_6382-1-1153x2048.jpg 1153w, https:\/\/www.huminalehto.com\/hevostila\/wp-content\/uploads\/2024\/07\/IMG_6382-1-34x60.jpg 34w, https:\/\/www.huminalehto.com\/hevostila\/wp-content\/uploads\/2024\/07\/IMG_6382-1-scaled.jpg 1441w\" sizes=\"auto, (max-width: 576px) 100vw, 576px\" \/><\/a><figcaption>Pentti ja Helmi<\/figcaption><\/figure><\/div>\n","protected":false},"excerpt":{"rendered":"<p>PIHAMAA MAASTO On tarkoitettu p\u00e4\u00e4osin v\u00e4hemm\u00e4n ratsastaneille. Hevoskoulun pihapiiriss\u00e4 p\u00e4\u00e4semme harjoittelemaan maastoratsastuksen taitoja, tilan ymp\u00e4rill\u00e4 on erilaisia polkuja ja reittej\u00e4 yl\u00e4- ja alam\u00e4kineen. Pihamaa Maasto sopii aikusille ja lapsille, on mahdollista j\u00e4rjest\u00e4\u00e4 my\u00f6s ryhm\u00e4 taluttajien kera. Pihamaa Maasto on esimerkiksi polttareihin hauska kokemus. Maastoratsastus kehitt\u00e4\u00e4 ratsastajan istuntaa ja koordinaatiota. Yl\u00e4- ja alam\u00e4et, ojien ylitt\u00e4minen, pellon &hellip; <\/p>\n","protected":false},"author":1,"featured_media":0,"parent":2155,"menu_order":0,"comment_status":"closed","ping_status":"closed","template":"","meta":{"_monsterinsights_skip_tracking":false,"_monsterinsights_sitenote_active":false,"_monsterinsights_sitenote_note":"","_monsterinsights_sitenote_category":0,"footnotes":""},"class_list":["post-2508","page","type-page","status-publish","hentry"],"aioseo_notices":[],"_links":{"self":[{"href":"https:\/\/www.huminalehto.com\/hevostila\/wp-json\/wp\/v2\/pages\/2508","targetHints":{"allow":["GET"]}}],"collection":[{"href":"https:\/\/www.huminalehto.com\/hevostila\/wp-json\/wp\/v2\/pages"}],"about":[{"href":"https:\/\/www.huminalehto.com\/hevostila\/wp-json\/wp\/v2\/types\/page"}],"author":[{"embeddable":true,"href":"https:\/\/www.huminalehto.com\/hevostila\/wp-json\/wp\/v2\/users\/1"}],"replies":[{"embeddable":true,"href":"https:\/\/www.huminalehto.com\/hevostila\/wp-json\/wp\/v2\/comments?post=2508"}],"version-history":[{"count":23,"href":"https:\/\/www.huminalehto.com\/hevostila\/wp-json\/wp\/v2\/pages\/2508\/revisions"}],"predecessor-version":[{"id":4480,"href":"https:\/\/www.huminalehto.com\/hevostila\/wp-json\/wp\/v2\/pages\/2508\/revisions\/4480"}],"up":[{"embeddable":true,"href":"https:\/\/www.huminalehto.com\/hevostila\/wp-json\/wp\/v2\/pages\/2155"}],"wp:attachment":[{"href":"https:\/\/www.huminalehto.com\/hevostila\/wp-json\/wp\/v2\/media?parent=2508"}],"curies":[{"name":"wp","href":"https:\/\/api.w.org\/{rel}","templated":true}]}}