{"id":3512,"date":"2017-12-27T15:00:35","date_gmt":"2017-12-27T13:00:35","guid":{"rendered":"http:\/\/www.huminalehto.com\/hevostila\/?page_id=3512"},"modified":"2017-12-27T15:00:35","modified_gmt":"2017-12-27T13:00:35","slug":"tervetuloa","status":"publish","type":"page","link":"https:\/\/www.huminalehto.com\/hevostila\/","title":{"rendered":"TERVETULOA!"},"content":{"rendered":"<p>Huminalehto on Pohjois-Suomessa Torniossa toimiva yritys, joka tarjoaa asiakkailleen:<a href=\"https:\/\/www.huminalehto.com\/hevostila\/wp-content\/uploads\/2017\/12\/lentsikka.jpg\"><img loading=\"lazy\" decoding=\"async\" class=\"size-medium wp-image-3513 alignright\" src=\"https:\/\/www.huminalehto.com\/hevostila\/wp-content\/uploads\/2017\/12\/lentsikka-212x300.jpg\" alt=\"\" width=\"212\" height=\"300\" \/><\/a><\/p>\n<ul>\n<li>Ratsastustunteja<\/li>\n<li>Hevostaitokoulutusta<\/li>\n<li>EASEL Ohjausta<\/li>\n<li>Klassista Hierontaa<\/li>\n<li>Parafiinihoitoja<\/li>\n<li>Magneettihoitoja (RELAIN)<\/li>\n<li>Horsebic -tunteja<\/li>\n<li>Kengityst\u00e4<\/li>\n<\/ul>\n<p>Palveluiden laajus kumpuaa tilan em\u00e4nn\u00e4n Johanna Kolehmaisen koulutuspohjasta. Kengityst\u00f6ist\u00e4 vastaa tilan is\u00e4nt\u00e4 Matti Kolehmainen.<\/p>\n","protected":false},"excerpt":{"rendered":"<p>Huminalehto on Pohjois-Suomessa Torniossa toimiva yritys, joka tarjoaa asiakkailleen: Ratsastustunteja Hevostaitokoulutusta EASEL Ohjausta Klassista Hierontaa Parafiinihoitoja Magneettihoitoja (RELAIN) Horsebic -tunteja Kengityst\u00e4 Palveluiden laajus kumpuaa tilan em\u00e4nn\u00e4n Johanna Kolehmaisen koulutuspohjasta. Kengityst\u00f6ist\u00e4 vastaa tilan is\u00e4nt\u00e4 Matti Kolehmainen.<\/p>\n","protected":false},"author":1,"featured_media":0,"parent":0,"menu_order":0,"comment_status":"closed","ping_status":"closed","template":"","meta":{"_monsterinsights_skip_tracking":false,"_monsterinsights_sitenote_active":false,"_monsterinsights_sitenote_note":"","_monsterinsights_sitenote_category":0,"footnotes":""},"class_list":["post-3512","page","type-page","status-publish","hentry"],"aioseo_notices":[],"_links":{"self":[{"href":"https:\/\/www.huminalehto.com\/hevostila\/wp-json\/wp\/v2\/pages\/3512","targetHints":{"allow":["GET"]}}],"collection":[{"href":"https:\/\/www.huminalehto.com\/hevostila\/wp-json\/wp\/v2\/pages"}],"about":[{"href":"https:\/\/www.huminalehto.com\/hevostila\/wp-json\/wp\/v2\/types\/page"}],"author":[{"embeddable":true,"href":"https:\/\/www.huminalehto.com\/hevostila\/wp-json\/wp\/v2\/users\/1"}],"replies":[{"embeddable":true,"href":"https:\/\/www.huminalehto.com\/hevostila\/wp-json\/wp\/v2\/comments?post=3512"}],"version-history":[{"count":2,"href":"https:\/\/www.huminalehto.com\/hevostila\/wp-json\/wp\/v2\/pages\/3512\/revisions"}],"predecessor-version":[{"id":4527,"href":"https:\/\/www.huminalehto.com\/hevostila\/wp-json\/wp\/v2\/pages\/3512\/revisions\/4527"}],"wp:attachment":[{"href":"https:\/\/www.huminalehto.com\/hevostila\/wp-json\/wp\/v2\/media?parent=3512"}],"curies":[{"name":"wp","href":"https:\/\/api.w.org\/{rel}","templated":true}]}}