{"id":3838,"date":"2020-10-21T13:09:19","date_gmt":"2020-10-21T10:09:19","guid":{"rendered":"http:\/\/www.huminalehto.com\/hevostila\/?page_id=3838"},"modified":"2023-08-02T14:51:25","modified_gmt":"2023-08-02T11:51:25","slug":"hyvinvointi-valmennus","status":"publish","type":"page","link":"https:\/\/www.huminalehto.com\/hevostila\/hyvinvointi-valmennus\/","title":{"rendered":"Hyvinvointi Valmennus"},"content":{"rendered":"\n<p>Kaipaatko el\u00e4m\u00e4\u00e4si jotain uutta? Hetke\u00e4 itsellesi? Uuden fiiliksen l\u00f6yt\u00e4mist\u00e4? Oman polun etsint\u00e4\u00e4? Levollisuutta mielelle? Hyv\u00e4ksynt\u00e4\u00e4 ja l\u00e4sn\u00e4oloa? <\/p>\n\n\n\n<p>Hyvinvointivalmennus<\/p>\n\n\n\n<ul class=\"wp-block-list\"><li>auttaa omien ja muiden vahvuuksien tiedostamisessa, tukemisessa ja hy\u00f6dynt\u00e4misess\u00e4.<\/li><li>on yksil\u00f6llist\u00e4.<\/li><li>on my\u00f6nteist\u00e4, itseohjautuvaa ja ratkaisukeskeist\u00e4.<\/li><li>parantaa itsetuntemusta ja -luottamusta, lis\u00e4\u00e4 motivaatiota.<\/li><li>tukee onnistumisen kokemuksia ja niist\u00e4 nauttimista.<\/li><\/ul>\n\n\n\n<figure class=\"wp-block-image size-large\"><img loading=\"lazy\" decoding=\"async\" width=\"1024\" height=\"683\" src=\"https:\/\/www.huminalehto.com\/hevostila\/wp-content\/uploads\/2020\/10\/denys-nevozhai-z0nVqfrOqWA-unsplash-1024x683.jpg\" alt=\"\" class=\"wp-image-3839\" srcset=\"https:\/\/www.huminalehto.com\/hevostila\/wp-content\/uploads\/2020\/10\/denys-nevozhai-z0nVqfrOqWA-unsplash-1024x683.jpg 1024w, https:\/\/www.huminalehto.com\/hevostila\/wp-content\/uploads\/2020\/10\/denys-nevozhai-z0nVqfrOqWA-unsplash-300x200.jpg 300w, https:\/\/www.huminalehto.com\/hevostila\/wp-content\/uploads\/2020\/10\/denys-nevozhai-z0nVqfrOqWA-unsplash-768x512.jpg 768w, https:\/\/www.huminalehto.com\/hevostila\/wp-content\/uploads\/2020\/10\/denys-nevozhai-z0nVqfrOqWA-unsplash-1536x1024.jpg 1536w, https:\/\/www.huminalehto.com\/hevostila\/wp-content\/uploads\/2020\/10\/denys-nevozhai-z0nVqfrOqWA-unsplash-2048x1365.jpg 2048w, https:\/\/www.huminalehto.com\/hevostila\/wp-content\/uploads\/2020\/10\/denys-nevozhai-z0nVqfrOqWA-unsplash-90x60.jpg 90w\" sizes=\"auto, (max-width: 1024px) 100vw, 1024px\" \/><\/figure>\n\n\n\n<blockquote class=\"wp-block-quote has-text-align-center is-layout-flow wp-block-quote-is-layout-flow\"><p><strong><em>\u201c Aito hyvinvointi tulee sis\u00e4lt\u00e4 mielenrauhasta, syd\u00e4men rauhasta, sielunrauhasta, ilosta ja rakkaudesta.<\/em><\/strong><\/p><\/blockquote>\n\n\n\n<p>Hyvinvointi Valmennus  &#8211;  80 \u20ac krt (1-2 h)<\/p>\n\n\n\n<p>Valmennuskortti  3 krt  &#8211;  220 \u20ac (Voimassa 6 kk)<\/p>\n\n\n\n<p>Valmennuskortti 5 krt &#8211; 350 \u20ac (Voimassa 12 kk)<\/p>\n","protected":false},"excerpt":{"rendered":"<p>Kaipaatko el\u00e4m\u00e4\u00e4si jotain uutta? Hetke\u00e4 itsellesi? Uuden fiiliksen l\u00f6yt\u00e4mist\u00e4? Oman polun etsint\u00e4\u00e4? Levollisuutta mielelle? Hyv\u00e4ksynt\u00e4\u00e4 ja l\u00e4sn\u00e4oloa? Hyvinvointivalmennus auttaa omien ja muiden vahvuuksien tiedostamisessa, tukemisessa ja hy\u00f6dynt\u00e4misess\u00e4. on yksil\u00f6llist\u00e4. on my\u00f6nteist\u00e4, itseohjautuvaa ja ratkaisukeskeist\u00e4. parantaa itsetuntemusta ja -luottamusta, lis\u00e4\u00e4 motivaatiota. tukee onnistumisen kokemuksia ja niist\u00e4 nauttimista. \u201c Aito hyvinvointi tulee sis\u00e4lt\u00e4 mielenrauhasta, syd\u00e4men rauhasta, sielunrauhasta, &hellip; <\/p>\n","protected":false},"author":1,"featured_media":0,"parent":0,"menu_order":0,"comment_status":"closed","ping_status":"closed","template":"","meta":{"_monsterinsights_skip_tracking":false,"_monsterinsights_sitenote_active":false,"_monsterinsights_sitenote_note":"","_monsterinsights_sitenote_category":0,"footnotes":""},"class_list":["post-3838","page","type-page","status-publish","hentry"],"aioseo_notices":[],"_links":{"self":[{"href":"https:\/\/www.huminalehto.com\/hevostila\/wp-json\/wp\/v2\/pages\/3838","targetHints":{"allow":["GET"]}}],"collection":[{"href":"https:\/\/www.huminalehto.com\/hevostila\/wp-json\/wp\/v2\/pages"}],"about":[{"href":"https:\/\/www.huminalehto.com\/hevostila\/wp-json\/wp\/v2\/types\/page"}],"author":[{"embeddable":true,"href":"https:\/\/www.huminalehto.com\/hevostila\/wp-json\/wp\/v2\/users\/1"}],"replies":[{"embeddable":true,"href":"https:\/\/www.huminalehto.com\/hevostila\/wp-json\/wp\/v2\/comments?post=3838"}],"version-history":[{"count":2,"href":"https:\/\/www.huminalehto.com\/hevostila\/wp-json\/wp\/v2\/pages\/3838\/revisions"}],"predecessor-version":[{"id":4148,"href":"https:\/\/www.huminalehto.com\/hevostila\/wp-json\/wp\/v2\/pages\/3838\/revisions\/4148"}],"wp:attachment":[{"href":"https:\/\/www.huminalehto.com\/hevostila\/wp-json\/wp\/v2\/media?parent=3838"}],"curies":[{"name":"wp","href":"https:\/\/api.w.org\/{rel}","templated":true}]}}