{"id":4040,"date":"2022-03-21T11:43:40","date_gmt":"2022-03-21T09:43:40","guid":{"rendered":"http:\/\/www.huminalehto.com\/hevostila\/?page_id=4040"},"modified":"2026-04-01T14:41:30","modified_gmt":"2026-04-01T11:41:30","slug":"tutustumiskerrat","status":"publish","type":"page","link":"https:\/\/www.huminalehto.com\/hevostila\/tutustumiskerrat\/","title":{"rendered":"Hevostoiminta ja tutustuminen"},"content":{"rendered":"\n<h5 class=\"wp-block-heading\">AAMUTALLI &#8211; HETKI<\/h5>\n\n\n\n<p>El\u00e4mys Huminalehdon Hevoskoululla. Tule mukaan kokemaan miten p\u00e4iv\u00e4 alkaa Huminalehdossa. Aamutalli alkaa klo 8.00. Teemme yhdess\u00e4 tallin tavalliset aamuty\u00f6t:<\/p>\n\n\n\n<ul class=\"wp-block-list\">\n<li>jaamme hein\u00e4t hevosille<\/li>\n\n\n\n<li>loimitamme tarvittaessa<\/li>\n\n\n\n<li>viemme hevoset ulos<\/li>\n\n\n\n<li>lis\u00e4\u00e4mme vedet<\/li>\n\n\n\n<li>siivoamme tallin ja karsinat<\/li>\n<\/ul>\n\n\n\n<p>Saat osallistua tekemiseen rennosti ohjattuna \u2013 aiempaa kokemusta ei tarvita. Aamutallin p\u00e4\u00e4tteeksi l\u00e4hdemme pienelle k\u00e4velylenkille Huminalehdon omalle reitille. Kuljemme rauhassa ja katselemme hevoslaumaa, jolloin on hetki aistia hevoslauman aamun tunnelmaa.<\/p>\n\n\n\n<ul class=\"wp-block-list\">\n<li>20 \u20ac \/ hl\u00f6<\/li>\n\n\n\n<li>50 \u20ac \/ perhe (max 5-6 hl\u00f6)<\/li>\n<\/ul>\n\n\n\n<hr class=\"wp-block-separator has-alpha-channel-opacity\"\/>\n\n\n\n<h5 class=\"wp-block-heading\">HEVOSTELUHETKI<\/h5>\n\n\n\n<p>Hevosen tuoksua ja tallin fiilist\u00e4. Sis\u00e4lt\u00e4\u00e4 toiveiden mukaan hevosten tervehtimist\u00e4, harjausta ja hoitamista. Hevoshetket j\u00e4rjestet\u00e4\u00e4n aina tunteet ja tunnetaidot huomioiden hevosten ehdoilla. Hevosteluhetki kest\u00e4\u00e4 n.1 h, aiempaa kokemusta ei vaadita.<\/p>\n\n\n\n<ul class=\"wp-block-list\">\n<li>2 hl\u00f6  &#8211;  30 \u20ac \/ hl\u00f6<\/li>\n\n\n\n<li>3 hl\u00f6 &#8211; 25 \u20ac \/ hl\u00f6<\/li>\n\n\n\n<li>4 hl\u00f6 &#8211; 20 \u20ac \/ hl\u00f6<\/li>\n<\/ul>\n\n\n<div class=\"wp-block-image is-style-default\">\n<figure class=\"aligncenter size-medium\"><a href=\"https:\/\/www.huminalehto.com\/hevostila\/wp-content\/uploads\/2020\/11\/Huminalehto-10-of-25-1-scaled.jpg\"><img loading=\"lazy\" decoding=\"async\" width=\"300\" height=\"200\" src=\"https:\/\/www.huminalehto.com\/hevostila\/wp-content\/uploads\/2020\/11\/Huminalehto-10-of-25-1-300x200.jpg\" alt=\"\" class=\"wp-image-3961\" srcset=\"https:\/\/www.huminalehto.com\/hevostila\/wp-content\/uploads\/2020\/11\/Huminalehto-10-of-25-1-300x200.jpg 300w, https:\/\/www.huminalehto.com\/hevostila\/wp-content\/uploads\/2020\/11\/Huminalehto-10-of-25-1-1024x683.jpg 1024w, https:\/\/www.huminalehto.com\/hevostila\/wp-content\/uploads\/2020\/11\/Huminalehto-10-of-25-1-768x512.jpg 768w, https:\/\/www.huminalehto.com\/hevostila\/wp-content\/uploads\/2020\/11\/Huminalehto-10-of-25-1-1536x1024.jpg 1536w, https:\/\/www.huminalehto.com\/hevostila\/wp-content\/uploads\/2020\/11\/Huminalehto-10-of-25-1-2048x1365.jpg 2048w, https:\/\/www.huminalehto.com\/hevostila\/wp-content\/uploads\/2020\/11\/Huminalehto-10-of-25-1-90x60.jpg 90w\" sizes=\"auto, (max-width: 300px) 100vw, 300px\" \/><\/a><\/figure><\/div>\n\n\n<hr class=\"wp-block-separator has-alpha-channel-opacity\"\/>\n\n\n\n<h5 class=\"wp-block-heading\">TUNNETAITOJA JA HEVOSTAITOJA<\/h5>\n\n\n\n<p>Hevoset voivat opettaa meille paljon itsest\u00e4mme ja kehonkielest\u00e4. Tunnetaitoja ja Hevostaitoja voi sis\u00e4lt\u00e4\u00e4: hevoslauman tarkkailua, hevosten harjausta ja hoitoa, maastak\u00e4sittely\u00e4 ja yhteist\u00e4 tekemist\u00e4 ponien tai hevosten kanssa. Kerro toiveesi ajanvarauksen yhteydess\u00e4. Aikaa varataan 1,5-2 h.<\/p>\n\n\n\n<ul class=\"wp-block-list\">\n<li>2 hl\u00f6 &#8211; 60 \u20ac \/ hl\u00f6<\/li>\n\n\n\n<li>3 hl\u00f6 &#8211; 50 \u20ac \/ hl\u00f6<\/li>\n\n\n\n<li>4 hl\u00f6 &#8211; 40 \u20ac \/ hl\u00f6<\/li>\n<\/ul>\n\n\n<div class=\"wp-block-image is-style-default\">\n<figure class=\"aligncenter size-medium\"><a href=\"https:\/\/www.huminalehto.com\/hevostila\/wp-content\/uploads\/2023\/10\/DSCN1579-scaled.jpg\"><img loading=\"lazy\" decoding=\"async\" width=\"300\" height=\"225\" src=\"https:\/\/www.huminalehto.com\/hevostila\/wp-content\/uploads\/2023\/10\/DSCN1579-300x225.jpg\" alt=\"\" class=\"wp-image-4171\" srcset=\"https:\/\/www.huminalehto.com\/hevostila\/wp-content\/uploads\/2023\/10\/DSCN1579-300x225.jpg 300w, https:\/\/www.huminalehto.com\/hevostila\/wp-content\/uploads\/2023\/10\/DSCN1579-1024x768.jpg 1024w, https:\/\/www.huminalehto.com\/hevostila\/wp-content\/uploads\/2023\/10\/DSCN1579-768x576.jpg 768w, https:\/\/www.huminalehto.com\/hevostila\/wp-content\/uploads\/2023\/10\/DSCN1579-1536x1152.jpg 1536w, https:\/\/www.huminalehto.com\/hevostila\/wp-content\/uploads\/2023\/10\/DSCN1579-2048x1536.jpg 2048w, https:\/\/www.huminalehto.com\/hevostila\/wp-content\/uploads\/2023\/10\/DSCN1579-80x60.jpg 80w\" sizes=\"auto, (max-width: 300px) 100vw, 300px\" \/><\/a><\/figure><\/div>\n\n\n<hr class=\"wp-block-separator has-alpha-channel-opacity\"\/>\n\n\n\n<h5 class=\"wp-block-heading\"><strong>LASTEN TUTUSTUMISTUNTI<\/strong><\/h5>\n\n\n\n<p>Tutustumistunnin kesto on kokonaisuudessaan n. 1 h, sis\u00e4lt\u00e4\u00e4 ponin harjauksen, varustamisen, ratsastuksen\/ajon ja ponin hoidon ratsastuksen j\u00e4lkeen. Mukana voi olla useampi lapsi. Ajamiseen soveltuvia poneja meill\u00e4 on t\u00e4ll\u00e4 hetkell\u00e4 kaksi ponia.<\/p>\n\n\n\n<ul class=\"wp-block-list\">\n<li>60 \u20ac &#8211; 1 poni (max 2 lasta)<\/li>\n\n\n\n<li>80 \u20ac &#8211; 2 ponia (2-4 lasta)<\/li>\n<\/ul>\n\n\n\n<p>Mahdollisuus on my\u00f6s aikuisten osallistua lasten tutustumistunnille, poni korvataan t\u00e4ll\u00f6in hevosella. Ratsastus tapahtuu talutuksessa.<\/p>\n\n\n<div class=\"wp-block-image\">\n<figure class=\"aligncenter size-medium\"><a href=\"https:\/\/www.huminalehto.com\/hevostila\/wp-content\/uploads\/2014\/06\/DSC_7076.jpg\"><img loading=\"lazy\" decoding=\"async\" width=\"300\" height=\"199\" src=\"https:\/\/www.huminalehto.com\/hevostila\/wp-content\/uploads\/2014\/06\/DSC_7076-300x199.jpg\" alt=\"\" class=\"wp-image-2809\" srcset=\"https:\/\/www.huminalehto.com\/hevostila\/wp-content\/uploads\/2014\/06\/DSC_7076-300x199.jpg 300w, https:\/\/www.huminalehto.com\/hevostila\/wp-content\/uploads\/2014\/06\/DSC_7076-1024x678.jpg 1024w, https:\/\/www.huminalehto.com\/hevostila\/wp-content\/uploads\/2014\/06\/DSC_7076-624x413.jpg 624w\" sizes=\"auto, (max-width: 300px) 100vw, 300px\" \/><\/a><\/figure><\/div>\n\n\n<hr class=\"wp-block-separator has-alpha-channel-opacity\"\/>\n\n\n\n<h5 class=\"wp-block-heading\"><strong>AIKUISTEN TUTUSTUMISTUNTI<\/strong><\/h5>\n\n\n\n<p>Aikuisten tutustumistunnin kesto on kokonaisuudessaan 1,5-2 h. Hintaan kuuluu hoito ja varustaminen. T\u00e4m\u00e4 my\u00f6s hyv\u00e4 mahdollisuus tutustua l\u00e4nnenratsastuksessa k\u00e4ytett\u00e4viin varusteisiin.<\/p>\n\n\n\n<ul class=\"wp-block-list\">\n<li>4 hl\u00f6 &#8211; 45 \u20ac\/hl\u00f6 <\/li>\n\n\n\n<li>3 hl\u00f6 &#8211; 55 \u20ac \/ hl\u00f6<\/li>\n\n\n\n<li>2 hl\u00f6 &#8211; 65 \u20ac \/ hl\u00f6<\/li>\n\n\n\n<li>1 hl\u00f6 &#8211; 100 \u20ac \/ hl\u00f6<\/li>\n<\/ul>\n\n\n<div class=\"wp-block-image\">\n<figure class=\"aligncenter size-medium\"><a href=\"https:\/\/www.huminalehto.com\/hevostila\/wp-content\/uploads\/2021\/02\/istunta.jpg\"><img loading=\"lazy\" decoding=\"async\" width=\"300\" height=\"300\" src=\"https:\/\/www.huminalehto.com\/hevostila\/wp-content\/uploads\/2021\/02\/istunta-300x300.jpg\" alt=\"\" class=\"wp-image-3995\" srcset=\"https:\/\/www.huminalehto.com\/hevostila\/wp-content\/uploads\/2021\/02\/istunta-300x300.jpg 300w, https:\/\/www.huminalehto.com\/hevostila\/wp-content\/uploads\/2021\/02\/istunta-150x150.jpg 150w, https:\/\/www.huminalehto.com\/hevostila\/wp-content\/uploads\/2021\/02\/istunta-60x60.jpg 60w, https:\/\/www.huminalehto.com\/hevostila\/wp-content\/uploads\/2021\/02\/istunta.jpg 757w\" sizes=\"auto, (max-width: 300px) 100vw, 300px\" \/><\/a><\/figure><\/div>\n\n\n<hr class=\"wp-block-separator has-alpha-channel-opacity\"\/>\n\n\n\n<h5 class=\"wp-block-heading\"><strong>YKSITYISTUNNIT<\/strong><\/h5>\n\n\n\n<p>Kaipaatko yksil\u00f6llist\u00e4 ohjausta itsellesi ja yst\u00e4v\u00e4llesi? Yksityistunnit sopivat \u201csilloin-t\u00e4ll\u00f6in\u201d k\u00e4vij\u00f6ille.<\/p>\n\n\n\n<ul class=\"wp-block-list\">\n<li>70 \u20ac \/ 45 min<\/li>\n\n\n\n<li>2 hl\u00f6 yksityistunti &#8211; 65 \u20ac \/ hl\u00f6 \/ 60 min<\/li>\n\n\n\n<li>3 hl\u00f6 yksityistunti &#8211; 55 \u20ac \/ hl\u00f6 \/ 60 min<\/li>\n<\/ul>\n\n\n<div class=\"wp-block-image is-style-default\">\n<figure class=\"aligncenter size-medium\"><a href=\"https:\/\/www.huminalehto.com\/hevostila\/wp-content\/uploads\/2020\/07\/plutte.jpg\"><img loading=\"lazy\" decoding=\"async\" width=\"225\" height=\"300\" src=\"https:\/\/www.huminalehto.com\/hevostila\/wp-content\/uploads\/2020\/07\/plutte-225x300.jpg\" alt=\"\" class=\"wp-image-3721\" srcset=\"https:\/\/www.huminalehto.com\/hevostila\/wp-content\/uploads\/2020\/07\/plutte-225x300.jpg 225w, https:\/\/www.huminalehto.com\/hevostila\/wp-content\/uploads\/2020\/07\/plutte.jpg 480w\" sizes=\"auto, (max-width: 225px) 100vw, 225px\" \/><\/a><\/figure><\/div>\n\n\n<hr class=\"wp-block-separator has-alpha-channel-opacity\"\/>\n\n\n\n<blockquote class=\"wp-block-quote is-layout-flow wp-block-quote-is-layout-flow\">\n<p class=\"has-text-align-center\"><strong><em>Ajanvaraukset n\u00e4ille palveluille toivomme tulevan hyviss\u00e4 ajoin.<\/em><\/strong><\/p>\n\n\n\n<p class=\"has-text-align-center\"><strong><em>N\u00e4in saadaan helpommin soviteltua ajat.<\/em><\/strong><\/p>\n\n\n\n<p class=\"has-text-align-center\">HUOM! Yritys ei ole vakuuttanut asiakkaita, joten huolehdithan omasta tapaturmavakuutuksesta. Hevosemme ovat kilttej\u00e4, mutta aina voi sattua vahinkoja.<\/p>\n<\/blockquote>\n","protected":false},"excerpt":{"rendered":"<p>AAMUTALLI &#8211; HETKI El\u00e4mys Huminalehdon Hevoskoululla. Tule mukaan kokemaan miten p\u00e4iv\u00e4 alkaa Huminalehdossa. Aamutalli alkaa klo 8.00. Teemme yhdess\u00e4 tallin tavalliset aamuty\u00f6t: Saat osallistua tekemiseen rennosti ohjattuna \u2013 aiempaa kokemusta ei tarvita. Aamutallin p\u00e4\u00e4tteeksi l\u00e4hdemme pienelle k\u00e4velylenkille Huminalehdon omalle reitille. Kuljemme rauhassa ja katselemme hevoslaumaa, jolloin on hetki aistia hevoslauman aamun tunnelmaa. HEVOSTELUHETKI Hevosen tuoksua &hellip; <\/p>\n","protected":false},"author":1,"featured_media":0,"parent":0,"menu_order":0,"comment_status":"closed","ping_status":"closed","template":"","meta":{"_monsterinsights_skip_tracking":false,"_monsterinsights_sitenote_active":false,"_monsterinsights_sitenote_note":"","_monsterinsights_sitenote_category":0,"footnotes":""},"class_list":["post-4040","page","type-page","status-publish","hentry"],"aioseo_notices":[],"_links":{"self":[{"href":"https:\/\/www.huminalehto.com\/hevostila\/wp-json\/wp\/v2\/pages\/4040","targetHints":{"allow":["GET"]}}],"collection":[{"href":"https:\/\/www.huminalehto.com\/hevostila\/wp-json\/wp\/v2\/pages"}],"about":[{"href":"https:\/\/www.huminalehto.com\/hevostila\/wp-json\/wp\/v2\/types\/page"}],"author":[{"embeddable":true,"href":"https:\/\/www.huminalehto.com\/hevostila\/wp-json\/wp\/v2\/users\/1"}],"replies":[{"embeddable":true,"href":"https:\/\/www.huminalehto.com\/hevostila\/wp-json\/wp\/v2\/comments?post=4040"}],"version-history":[{"count":19,"href":"https:\/\/www.huminalehto.com\/hevostila\/wp-json\/wp\/v2\/pages\/4040\/revisions"}],"predecessor-version":[{"id":5177,"href":"https:\/\/www.huminalehto.com\/hevostila\/wp-json\/wp\/v2\/pages\/4040\/revisions\/5177"}],"wp:attachment":[{"href":"https:\/\/www.huminalehto.com\/hevostila\/wp-json\/wp\/v2\/media?parent=4040"}],"curies":[{"name":"wp","href":"https:\/\/api.w.org\/{rel}","templated":true}]}}