{"id":4051,"date":"2022-03-21T12:38:52","date_gmt":"2022-03-21T10:38:52","guid":{"rendered":"http:\/\/www.huminalehto.com\/hevostila\/?page_id=4051"},"modified":"2026-04-01T14:16:52","modified_gmt":"2026-04-01T11:16:52","slug":"pyoroaitauskoulutus","status":"publish","type":"page","link":"https:\/\/www.huminalehto.com\/hevostila\/pyoroaitauskoulutus\/","title":{"rendered":"Py\u00f6r\u00f6aitauskoulutus hevoselle ja ihmiselle"},"content":{"rendered":"\n<p>Py\u00f6r\u00f6aitauskoulutus on helppo ty\u00f6muoto, jonka tavoitteena on parantaa hevosen ja ihmisen v\u00e4list\u00e4 kommunikaatiota, luottamusta ja keskin\u00e4ist\u00e4 kunnioitusta. Rauhallinen ja lempe\u00e4 ty\u00f6skentelytapa auttaa rakentamaan aitoa yhteytt\u00e4 hevoseen.<\/p>\n\n\n\n<p>Py\u00f6r\u00f6aitaus on tehokas ja monipuolinen koulutusmenetelm\u00e4, jossa kehitet\u00e4\u00e4n erityisesti ihmisen kehonkielt\u00e4, ajoitusta ja tilannetajua. Hevonen reagoi herk\u00e4sti ihmisen eleisiin, joten selke\u00e4 ja johdonmukainen viestint\u00e4 luo perustan toimivalle yhteisty\u00f6lle.<\/p>\n\n\n\n<p>Meid\u00e4n hevoset ovat tottuneita py\u00f6r\u00f6aitauskoulutukseen, ja harjoittelemme sit\u00e4 my\u00f6s s\u00e4\u00e4nn\u00f6llisesti vakiotunneilla.<\/p>\n\n\n\n<h4 class=\"wp-block-heading\">Kenelle py\u00f6r\u00f6aitauskoulutus sopii?<\/h4>\n\n\n\n<ul class=\"wp-block-list\">\n<li>Hevosen ja ihmisen suhteen vahvistamiseen<\/li>\n\n\n\n<li>Kommunikaation ja ymm\u00e4rryksen parantamiseen<\/li>\n\n\n\n<li>Kehonkielen ja tunnetaitojen harjoitteluun<\/li>\n\n\n\n<li>Haastavien tilanteiden lempe\u00e4\u00e4n k\u00e4sittelyyn<\/li>\n<\/ul>\n\n\n\n<h4 class=\"wp-block-heading\">Varaa py\u00f6r\u00f6aitauskoulutus<\/h4>\n\n\n\n<p>Voit varata ajan itsellesi ja omalle hevosellesi. Ensimm\u00e4inen kerta on aina 60 minuutin mittainen, jotta p\u00e4\u00e4semme rauhassa alkuun ja luomaan hyv\u00e4n pohjan ty\u00f6skentelylle.<\/p>\n\n\n\n<p>Huomioithan, ett\u00e4 pysyv\u00e4t muutokset vaativat usein useamman harjoituskerran.<\/p>\n\n\n\n<p>Kes\u00e4aikaan on mahdollista yhdist\u00e4\u00e4 koulutukseen my\u00f6s hevosen ja ihmisen y\u00f6pyminen Huminalehdossa.<\/p>\n\n\n\n<h4 class=\"wp-block-heading\">Hinnasto<\/h4>\n\n\n\n<ul class=\"wp-block-list\">\n<li>Yksityistunti 60 min \u2013 70 \u20ac<\/li>\n\n\n\n<li>Yksityistunti 30 min \u2013 45 \u20ac<\/li>\n<\/ul>\n\n\n\n<p><strong>Hevonen osaa jo \u2013 ihmisen teht\u00e4v\u00e4 on oppia kuuntelemaan.<\/strong><\/p>\n\n\n<div class=\"wp-block-image\">\n<figure class=\"aligncenter size-large\"><a href=\"https:\/\/www.huminalehto.com\/hevostila\/wp-content\/uploads\/2024\/12\/8.jpg\"><img loading=\"lazy\" decoding=\"async\" width=\"1024\" height=\"819\" src=\"https:\/\/www.huminalehto.com\/hevostila\/wp-content\/uploads\/2024\/12\/8-1024x819.jpg\" alt=\"\" class=\"wp-image-4506\" srcset=\"https:\/\/www.huminalehto.com\/hevostila\/wp-content\/uploads\/2024\/12\/8-1024x819.jpg 1024w, https:\/\/www.huminalehto.com\/hevostila\/wp-content\/uploads\/2024\/12\/8-300x240.jpg 300w, https:\/\/www.huminalehto.com\/hevostila\/wp-content\/uploads\/2024\/12\/8-768x614.jpg 768w, https:\/\/www.huminalehto.com\/hevostila\/wp-content\/uploads\/2024\/12\/8-1536x1229.jpg 1536w, https:\/\/www.huminalehto.com\/hevostila\/wp-content\/uploads\/2024\/12\/8-75x60.jpg 75w, https:\/\/www.huminalehto.com\/hevostila\/wp-content\/uploads\/2024\/12\/8.jpg 2000w\" sizes=\"auto, (max-width: 1024px) 100vw, 1024px\" \/><\/a><\/figure><\/div>\n\n\n<p class=\"wp-embed-aspect-4-3 wp-has-aspect-ratio\"><\/p>\n","protected":false},"excerpt":{"rendered":"<p>Py\u00f6r\u00f6aitauskoulutus on helppo ty\u00f6muoto, jonka tavoitteena on parantaa hevosen ja ihmisen v\u00e4list\u00e4 kommunikaatiota, luottamusta ja keskin\u00e4ist\u00e4 kunnioitusta. Rauhallinen ja lempe\u00e4 ty\u00f6skentelytapa auttaa rakentamaan aitoa yhteytt\u00e4 hevoseen. Py\u00f6r\u00f6aitaus on tehokas ja monipuolinen koulutusmenetelm\u00e4, jossa kehitet\u00e4\u00e4n erityisesti ihmisen kehonkielt\u00e4, ajoitusta ja tilannetajua. Hevonen reagoi herk\u00e4sti ihmisen eleisiin, joten selke\u00e4 ja johdonmukainen viestint\u00e4 luo perustan toimivalle yhteisty\u00f6lle. Meid\u00e4n &hellip; <\/p>\n","protected":false},"author":1,"featured_media":4496,"parent":0,"menu_order":0,"comment_status":"closed","ping_status":"closed","template":"","meta":{"_monsterinsights_skip_tracking":false,"_monsterinsights_sitenote_active":false,"_monsterinsights_sitenote_note":"","_monsterinsights_sitenote_category":0,"footnotes":""},"class_list":["post-4051","page","type-page","status-publish","has-post-thumbnail","hentry"],"aioseo_notices":[],"_links":{"self":[{"href":"https:\/\/www.huminalehto.com\/hevostila\/wp-json\/wp\/v2\/pages\/4051","targetHints":{"allow":["GET"]}}],"collection":[{"href":"https:\/\/www.huminalehto.com\/hevostila\/wp-json\/wp\/v2\/pages"}],"about":[{"href":"https:\/\/www.huminalehto.com\/hevostila\/wp-json\/wp\/v2\/types\/page"}],"author":[{"embeddable":true,"href":"https:\/\/www.huminalehto.com\/hevostila\/wp-json\/wp\/v2\/users\/1"}],"replies":[{"embeddable":true,"href":"https:\/\/www.huminalehto.com\/hevostila\/wp-json\/wp\/v2\/comments?post=4051"}],"version-history":[{"count":10,"href":"https:\/\/www.huminalehto.com\/hevostila\/wp-json\/wp\/v2\/pages\/4051\/revisions"}],"predecessor-version":[{"id":5167,"href":"https:\/\/www.huminalehto.com\/hevostila\/wp-json\/wp\/v2\/pages\/4051\/revisions\/5167"}],"wp:featuredmedia":[{"embeddable":true,"href":"https:\/\/www.huminalehto.com\/hevostila\/wp-json\/wp\/v2\/media\/4496"}],"wp:attachment":[{"href":"https:\/\/www.huminalehto.com\/hevostila\/wp-json\/wp\/v2\/media?parent=4051"}],"curies":[{"name":"wp","href":"https:\/\/api.w.org\/{rel}","templated":true}]}}