{"id":4192,"date":"2024-01-17T14:19:22","date_gmt":"2024-01-17T12:19:22","guid":{"rendered":"http:\/\/www.huminalehto.com\/hevostila\/?page_id=4192"},"modified":"2026-05-07T11:14:51","modified_gmt":"2026-05-07T08:14:51","slug":"kalenteri","status":"publish","type":"page","link":"https:\/\/www.huminalehto.com\/hevostila\/kalenteri\/","title":{"rendered":"Kalenteri"},"content":{"rendered":"\n<p class=\"has-text-align-center\">Tapahtumakalenteria pyrit\u00e4\u00e4n p\u00e4ivitt\u00e4m\u00e4\u00e4n aina uusien tuntien ja kurssien my\u00f6t\u00e4.<\/p>\n\n\n\n<p class=\"has-text-align-center\">N\u00e4ist\u00e4 tapahtumista kyselyt aina Johannalle, 0407544846 tai huminalehto(a)gmail.com.<\/p>\n\n\n\n<p class=\"has-text-align-center\">Varausmaksut ja kurssien loppusummat suoritetaan aina Huminalehdon tilille:  FI31 4600 0010 2235 72<\/p>\n\n\n\n<p class=\"has-text-align-center\">Tai MOBILEPAY 0407544846<\/p>\n\n\n\n<p class=\"has-text-align-center\">Muista laittaa maksusta kuittikopio Johannalle viestill\u00e4, n\u00e4in varmistat oman paikkasi.<\/p>\n\n\n\n<hr class=\"wp-block-separator has-alpha-channel-opacity\"\/>\n\n\n\n<div class=\"wp-block-media-text is-stacked-on-mobile\" style=\"grid-template-columns:42% auto\"><figure class=\"wp-block-media-text__media\"><img loading=\"lazy\" decoding=\"async\" width=\"960\" height=\"960\" src=\"https:\/\/www.huminalehto.com\/hevostila\/wp-content\/uploads\/2025\/02\/FB_IMG_1609421461532.jpg\" alt=\"\" class=\"wp-image-4605 size-full\" srcset=\"https:\/\/www.huminalehto.com\/hevostila\/wp-content\/uploads\/2025\/02\/FB_IMG_1609421461532.jpg 960w, https:\/\/www.huminalehto.com\/hevostila\/wp-content\/uploads\/2025\/02\/FB_IMG_1609421461532-300x300.jpg 300w, https:\/\/www.huminalehto.com\/hevostila\/wp-content\/uploads\/2025\/02\/FB_IMG_1609421461532-150x150.jpg 150w, https:\/\/www.huminalehto.com\/hevostila\/wp-content\/uploads\/2025\/02\/FB_IMG_1609421461532-768x768.jpg 768w\" sizes=\"auto, (max-width: 960px) 100vw, 960px\" \/><\/figure><div class=\"wp-block-media-text__content\">\n<p>PIENRYHM\u00c4 (1-2 paikkaa vapaana)<\/p>\n\n\n\n<p>Tunnetaito &amp; hevostelun alkeet ryhm\u00e4<\/p>\n\n\n\n<p>Uusi ryhm\u00e4 alkaa torstaina 21.5. klo 17.00\u201318.30<\/p>\n\n\n\n<p>Ryhm\u00e4 sopii sinulle, joka haluat: tutustua hevosiin ja oppia toimimaan niiden kanssa, oppia helppoja tunnetaitoty\u00f6kaluja itsellesi, aloittaa ratsastuksen tai opetella ajamaan k\u00e4rryill\u00e4<\/p>\n\n\n\n<p>Edet\u00e4\u00e4n rauhassa ja rennosti t\u00e4m\u00e4n ryhm\u00e4n kanssa <img loading=\"lazy\" decoding=\"async\" height=\"16\" width=\"16\" src=\"https:\/\/static.xx.fbcdn.net\/images\/emoji.php\/v9\/t64\/2\/16\/1f90d.png\" alt=\"\ud83e\udd0d\"> Ajankohdat: to 21.5., to 28.5., to 4.6., to 18.6. ja to 25.6.<\/p>\n\n\n\n<p>Hinta: 5 kertaa \/ 170 \u20ac <\/p>\n<\/div><\/div>\n\n\n\n<hr class=\"wp-block-separator has-alpha-channel-opacity\"\/>\n\n\n\n<div class=\"wp-block-media-text has-media-on-the-right is-stacked-on-mobile is-vertically-aligned-top\" style=\"grid-template-columns:auto 41%\"><div class=\"wp-block-media-text__content\">\n<p>Katariina Cozmein kurssi 23-24.5. Pohjois-Suomen  Hevosharrastajat ry j\u00e4rjest\u00e4\u00e4.<\/p>\n\n\n\n<p>Kurssin keskeinen teema on Sivistynyt Ratsastus, jossa yhdist\u00e4mme vanhojen mestarien klassisen tiedon uusiin tutkimustietoihin ja menetelmiin. Tavoitteena on tasapainoinen ratsukko, jossa sek\u00e4 hevosen ett\u00e4 ratsastajan mieli ett\u00e4 keho ovat tasapainoisen toiminnallisia ja aktiivisia. Aineksina elementtej\u00e4 klassisesta ratsastuksesta, akateemisesta ratsastustaiteesta, sotataidelajeista (ratsastusjousiammunta, skill at arms), Working Equitationista, etologiasta ja biologiasta. Working Equitation on Suomessa viel\u00e4 verrattain uusi laji.<\/p>\n\n\n\n<p>Katariina on vet\u00e4nyt jo useampia kursseja vuosien mittaan Pohjois-Suomen Hevosharrastajille. Viikonloput ovat aina antoisia ja uutta intoa omaan tekemiseen tuovia. Tervetuloa mukaan!<\/p>\n\n\n\n<p>HINTA 170 \u20ac (Seuralaiset 150 \u20ac) &#8211; 8-10 osallistujaa tarvitaan!<br>Sis\u00e4lt\u00e4\u00e4:<br>&#8211; Ratsastusvalmennus &#8211; 2 hengen ryhmiss\u00e4 la ja su<br>&#8211; Harjoituksia ilman hevosia ja teoriaa lauantaina ja sunnuntaina<br>&#8211; Jousiammuntaa maasta halukkaille<\/p>\n\n\n\n<p>Kurssin ja valmennusten sis\u00e4lt\u00f6\u00f6n on my\u00f6s mahdollista esitt\u00e4\u00e4 toiveita. Voit tulla my\u00f6s nuoren hevosen kanssa.<\/p>\n\n\n\n<p>Katsojamaksu viikonlopulta 40 \u20ac.<br>Sitovat ilmoittautumiset la 28.2. menness\u00e4 Johanna Kolehmainen 0407544846. Varausmaksut maksetaan t\u00e4m\u00e4n j\u00e4lkeen seuran tilille.<br>&#8211; Varausmaksu hevospaikalle 100 \u20ac<br>&#8211; Varausmaksu katsoja paikalle 20 \u20ac<\/p>\n\n\n\n<p>MAKSUT: Pohjois-Suomen Hevosharrastajien tilille: FI4546000010634406<br>Viesti:Katariinan kurssin varaus \/ oma nimi.<br>Varausmaksu kuuluu kurssi hintaan.<\/p>\n\n\n\n<p>Huminalehdon hevosten heppavuokra viikonlopulta:<br>&#8211; 30 \u20ac \/ vakioasiakkaat<br>&#8211; 40 \u20ac \/ ulkopuoliset<\/p>\n\n\n\n<p>Y\u00f6pyminen Tallipirtiss\u00e4 15 \u20ac \/ y\u00f6 \/ hl\u00f6<br>P\u00e4iv\u00e4karsina 10 \u20ac (omat hein\u00e4t)<br>Y\u00f6karsina 20 \u20ac (omat hein\u00e4t)<br>Kysymykset ja ilmoittautumiset Johanna Kolehmainen 0407544846<\/p>\n\n\n\n<p>Katariinasta l\u00f6yd\u00e4t lis\u00e4\u00e4:<br><a href=\"https:\/\/l.facebook.com\/l.php?u=https%3A%2F%2Fiberico.fi%2F%3Ffbclid%3DIwZXh0bgNhZW0CMTAAYnJpZBEwakNhVHVSS2hRMkZ5Z0hLdnNydGMGYXBwX2lkEDIyMjAzOTE3ODgyMDA4OTIAAR7Xb3Ff8uvu6yhhf0a50WtoBUeJg-zJcmoKAhUCXlhbQ35e0ulS6_Mu0_YVqA_aem_dOJdZajVikxBeieJEImtXA&amp;h=AT6l_VhW8p4DSlRAviTU20k8f7DyaRGRCaP9NQ6DAL29QFgNfusOwQKdCK6QQW4z_L0Padt-PcBUOLt6G2OHLY7fpeWUu3zmg05I-NTp-qdJ1UTroaciJCyiHCbwZzpELpCz3ARMoWKRLQbo1L9SgxwWjNaXcf2aNIs&amp;__tn__=q&amp;c[0]=AT6C233FrLwjoNnsuZKCB-K3ASkxXxyPiMvH9Zkyqhan6UtDHp74bbLD_rSRR4Eqr2vycofP5BFdAk1_1cFjWlvOOqnwZKq7e_dGqZji_oFLO45IN6NHoITFOzJu6lUf4Ah9VGG6FLC168n63riB6T0Xb6uQLRWlK88\" rel=\"noreferrer noopener\" target=\"_blank\">https:\/\/iberico.fi<\/a><br>Instagram: @sivistynytratsastus<\/p>\n<\/div><figure class=\"wp-block-media-text__media\"><img loading=\"lazy\" decoding=\"async\" width=\"1024\" height=\"1024\" src=\"https:\/\/www.huminalehto.com\/hevostila\/wp-content\/uploads\/2026\/02\/Katakurssi-1024x1024.jpg\" alt=\"\" class=\"wp-image-5016 size-full\" srcset=\"https:\/\/www.huminalehto.com\/hevostila\/wp-content\/uploads\/2026\/02\/Katakurssi-1024x1024.jpg 1024w, https:\/\/www.huminalehto.com\/hevostila\/wp-content\/uploads\/2026\/02\/Katakurssi-300x300.jpg 300w, https:\/\/www.huminalehto.com\/hevostila\/wp-content\/uploads\/2026\/02\/Katakurssi-150x150.jpg 150w, https:\/\/www.huminalehto.com\/hevostila\/wp-content\/uploads\/2026\/02\/Katakurssi-768x768.jpg 768w, https:\/\/www.huminalehto.com\/hevostila\/wp-content\/uploads\/2026\/02\/Katakurssi-1536x1536.jpg 1536w, https:\/\/www.huminalehto.com\/hevostila\/wp-content\/uploads\/2026\/02\/Katakurssi.jpg 1564w\" sizes=\"auto, (max-width: 1024px) 100vw, 1024px\" \/><\/figure><\/div>\n\n\n\n<hr class=\"wp-block-separator has-alpha-channel-opacity\"\/>\n\n\n\n<div class=\"wp-block-media-text is-stacked-on-mobile\" style=\"grid-template-columns:36% auto\"><figure class=\"wp-block-media-text__media\"><img loading=\"lazy\" decoding=\"async\" width=\"819\" height=\"1024\" src=\"https:\/\/www.huminalehto.com\/hevostila\/wp-content\/uploads\/2026\/03\/hevoskoulu-37-819x1024.jpg\" alt=\"\" class=\"wp-image-5039 size-full\" srcset=\"https:\/\/www.huminalehto.com\/hevostila\/wp-content\/uploads\/2026\/03\/hevoskoulu-37-819x1024.jpg 819w, https:\/\/www.huminalehto.com\/hevostila\/wp-content\/uploads\/2026\/03\/hevoskoulu-37-240x300.jpg 240w, https:\/\/www.huminalehto.com\/hevostila\/wp-content\/uploads\/2026\/03\/hevoskoulu-37-768x960.jpg 768w, https:\/\/www.huminalehto.com\/hevostila\/wp-content\/uploads\/2026\/03\/hevoskoulu-37.jpg 1080w\" sizes=\"auto, (max-width: 819px) 100vw, 819px\" \/><\/figure><div class=\"wp-block-media-text__content\">\n<p>Lasten Kes\u00e4leiri, leiri on suunnattu jo aiempaa hevos- ja ratsastuskokemusta omaaville.<\/p>\n\n\n\n<p>to klo.10-18<br>Hevosten hoitoa, tallit\u00f6it\u00e4, ruokailu, ratsastustunnit ja muita kes\u00e4heppatouhuja.<\/p>\n\n\n\n<p>pe klo.10-17<br>Hevostaitoja ja teoriaa, ruokailu, ratsastustunnit. Leirin p\u00e4\u00e4t\u00f6s.<\/p>\n\n\n\n<p>Hinta 210 \u20ac\/hl\u00f6. Varausmaksu 50 \u20ac maksetaan ilmoittautumisen yhteydess\u00e4 Huminalehdon tilille.<\/p>\n\n\n\n<p>Majoittuminen erikseen Huminalehdossa mahdollista. Majoittumisen hinta yhdelt\u00e4 y\u00f6lt\u00e4 20 \u20ac (sis. aamupala + iltapala). Paikkoja rajoitetusti.<\/p>\n<\/div><\/div>\n\n\n\n<hr class=\"wp-block-separator has-alpha-channel-opacity\"\/>\n\n\n\n<div class=\"wp-block-media-text is-stacked-on-mobile\" style=\"grid-template-columns:37% auto\"><figure class=\"wp-block-media-text__media\"><img loading=\"lazy\" decoding=\"async\" width=\"819\" height=\"1024\" src=\"https:\/\/www.huminalehto.com\/hevostila\/wp-content\/uploads\/2026\/03\/hevoskoulu-38-819x1024.jpg\" alt=\"\" class=\"wp-image-5042 size-full\" srcset=\"https:\/\/www.huminalehto.com\/hevostila\/wp-content\/uploads\/2026\/03\/hevoskoulu-38-819x1024.jpg 819w, https:\/\/www.huminalehto.com\/hevostila\/wp-content\/uploads\/2026\/03\/hevoskoulu-38-240x300.jpg 240w, https:\/\/www.huminalehto.com\/hevostila\/wp-content\/uploads\/2026\/03\/hevoskoulu-38-768x960.jpg 768w, https:\/\/www.huminalehto.com\/hevostila\/wp-content\/uploads\/2026\/03\/hevoskoulu-38.jpg 1080w\" sizes=\"auto, (max-width: 819px) 100vw, 819px\" \/><\/figure><div class=\"wp-block-media-text__content\">\n<p>Tervetuloa mukaan valmennusleirille! Leiri on suunnattu niille, joilla on jo paljon kokemusta hevosista ja ratsastuksesta. T\u00e4ytyy ratsastaa kaikissa askellajeissa sujuvasti.<\/p>\n\n\n\n<p>ti 30.6. klo.11 Saapuminen<br>Hevostelua, ratsastusta, ruokailu, hevostaitoharjoituksia, iltapala. P\u00e4iv\u00e4 p\u00e4\u00e4ttyy noin klo.19.<\/p>\n\n\n\n<p>ke 1.7. Aloitus klo.10. Tallitouhuja, hevosten hoitoa, teoria, ruokailu, ratsastusta, muuta leirille sopivaa touhua, iltapalalla makkaranpaistoa ja sauna. P\u00e4iv\u00e4 p\u00e4\u00e4ttyy noin klo.19.<\/p>\n\n\n\n<p>to 2.7. Aloitus klo.10. Hevosten hoitoa, ratsastusta\/ajoa, hevosten kes\u00e4pesut jne. Kurssin p\u00e4\u00e4t\u00f6s ruokaillen ja herkutellen. P\u00e4iv\u00e4 p\u00e4\u00e4ttyy noin klo.15.<\/p>\n\n\n\n<p>Hinta 280 \u20ac. Varausmaksu 50 \u20ac maksetaan ilmoittautumisen yhteydess\u00e4.<\/p>\n\n\n\n<p>Majoittuminen erikseen Tallipirtiss\u00e4 tai m\u00f6kiss\u00e4 40 \u20ac (2 y\u00f6t\u00e4, sis aamu- ja iltapala).<\/p>\n<\/div><\/div>\n\n\n\n<hr class=\"wp-block-separator has-alpha-channel-opacity\"\/>\n\n\n\n<div class=\"wp-block-media-text is-stacked-on-mobile\" style=\"grid-template-columns:35% auto\"><figure class=\"wp-block-media-text__media\"><img loading=\"lazy\" decoding=\"async\" width=\"819\" height=\"1024\" src=\"https:\/\/www.huminalehto.com\/hevostila\/wp-content\/uploads\/2026\/03\/hevoskoulu-39-819x1024.jpg\" alt=\"\" class=\"wp-image-5045 size-full\" srcset=\"https:\/\/www.huminalehto.com\/hevostila\/wp-content\/uploads\/2026\/03\/hevoskoulu-39-819x1024.jpg 819w, https:\/\/www.huminalehto.com\/hevostila\/wp-content\/uploads\/2026\/03\/hevoskoulu-39-240x300.jpg 240w, https:\/\/www.huminalehto.com\/hevostila\/wp-content\/uploads\/2026\/03\/hevoskoulu-39-768x960.jpg 768w, https:\/\/www.huminalehto.com\/hevostila\/wp-content\/uploads\/2026\/03\/hevoskoulu-39.jpg 1080w\" sizes=\"auto, (max-width: 819px) 100vw, 819px\" \/><\/figure><div class=\"wp-block-media-text__content\">\n<p>3-5.7.2026  NAISTEN LEIRI (Paikat t\u00e4ynn\u00e4)<\/p>\n\n\n\n<p>Perjantaina aloitetaan klo 17.<br>Valmennustunnit, iltapala ja sauna Merjan m\u00f6kill\u00e4.<\/p>\n\n\n\n<p>Lauantaina<br>M\u00f6kill\u00e4 aamupala, Valmennustunnit, ruokailu, teoriaa, hevostaito \u2013 harjoituksia, Iltapala ja sauna m\u00f6kill\u00e4.<\/p>\n\n\n\n<p>Sunnuntaina<br>M\u00f6kill\u00e4 aamupala, Hyvinvointi harjoitus, valmennustunnit, ruokailu, loppukeskustelu ja leirin p\u00e4\u00e4t\u00f6s.<\/p>\n\n\n\n<p>Majoitus Merjan m\u00f6kill\u00e4 jokirannassa.<\/p>\n\n\n\n<p><\/p>\n<\/div><\/div>\n\n\n\n<hr class=\"wp-block-separator has-alpha-channel-opacity\"\/>\n\n\n\n<div class=\"wp-block-media-text is-stacked-on-mobile\" style=\"grid-template-columns:34% auto\"><figure class=\"wp-block-media-text__media\"><img loading=\"lazy\" decoding=\"async\" width=\"482\" height=\"482\" src=\"https:\/\/www.huminalehto.com\/hevostila\/wp-content\/uploads\/2024\/10\/kiro.jpg\" alt=\"\" class=\"wp-image-4375 size-full\" srcset=\"https:\/\/www.huminalehto.com\/hevostila\/wp-content\/uploads\/2024\/10\/kiro.jpg 482w, https:\/\/www.huminalehto.com\/hevostila\/wp-content\/uploads\/2024\/10\/kiro-300x300.jpg 300w, https:\/\/www.huminalehto.com\/hevostila\/wp-content\/uploads\/2024\/10\/kiro-150x150.jpg 150w, https:\/\/www.huminalehto.com\/hevostila\/wp-content\/uploads\/2024\/10\/kiro-60x60.jpg 60w\" sizes=\"auto, (max-width: 482px) 100vw, 482px\" \/><\/figure><div class=\"wp-block-media-text__content\">\n<p>Liisa Rahkamaan seuraava hoitop\u00e4iv\u00e4 kes\u00e4ll\u00e4. Seuraa sivua, niin saat tiedot p\u00e4iv\u00e4st\u00e4.<\/p>\n\n\n\n<p>Ajanvaraus Johannalle 0407544846 wa viesti k\u00e4tev\u00e4. Aikataulu toiveen voi esitt\u00e4\u00e4, tarkemmin hoitoajat katsotaan l\u00e4hemmin hoitop\u00e4iv\u00e4\u00e4.<\/p>\n\n\n\n<p>Hinnat:<\/p>\n\n\n\n<p>Ihminen: Ensimm\u00e4inen hoitokerta 75 \u20ac, 30 min. Uusinta 70 \u20ac, 20 min.<\/p>\n\n\n\n<p>Koirat: Ensimm\u00e4inen hoitokerta 85 \u20ac (sis alv 25,5 %), 30 min. Uusinta hoidot &#8211; 70 \u20ac<\/p>\n\n\n\n<p>Omistaja + koira yht 140 \u20ac, 50-60 min.<\/p>\n\n\n\n<p>Hevonen 150 \u20ac (sis alv 25,5 %), 45-60 min.<\/p>\n<\/div><\/div>\n","protected":false},"excerpt":{"rendered":"<p>Tapahtumakalenteria pyrit\u00e4\u00e4n p\u00e4ivitt\u00e4m\u00e4\u00e4n aina uusien tuntien ja kurssien my\u00f6t\u00e4. N\u00e4ist\u00e4 tapahtumista kyselyt aina Johannalle, 0407544846 tai huminalehto(a)gmail.com. Varausmaksut ja kurssien loppusummat suoritetaan aina Huminalehdon tilille: FI31 4600 0010 2235 72 Tai MOBILEPAY 0407544846 Muista laittaa maksusta kuittikopio Johannalle viestill\u00e4, n\u00e4in varmistat oman paikkasi. PIENRYHM\u00c4 (1-2 paikkaa vapaana) Tunnetaito &amp; hevostelun alkeet ryhm\u00e4 Uusi ryhm\u00e4 alkaa &hellip; <\/p>\n","protected":false},"author":1,"featured_media":0,"parent":0,"menu_order":0,"comment_status":"closed","ping_status":"closed","template":"","meta":{"_monsterinsights_skip_tracking":false,"_monsterinsights_sitenote_active":false,"_monsterinsights_sitenote_note":"","_monsterinsights_sitenote_category":0,"footnotes":""},"class_list":["post-4192","page","type-page","status-publish","hentry"],"aioseo_notices":[],"_links":{"self":[{"href":"https:\/\/www.huminalehto.com\/hevostila\/wp-json\/wp\/v2\/pages\/4192","targetHints":{"allow":["GET"]}}],"collection":[{"href":"https:\/\/www.huminalehto.com\/hevostila\/wp-json\/wp\/v2\/pages"}],"about":[{"href":"https:\/\/www.huminalehto.com\/hevostila\/wp-json\/wp\/v2\/types\/page"}],"author":[{"embeddable":true,"href":"https:\/\/www.huminalehto.com\/hevostila\/wp-json\/wp\/v2\/users\/1"}],"replies":[{"embeddable":true,"href":"https:\/\/www.huminalehto.com\/hevostila\/wp-json\/wp\/v2\/comments?post=4192"}],"version-history":[{"count":116,"href":"https:\/\/www.huminalehto.com\/hevostila\/wp-json\/wp\/v2\/pages\/4192\/revisions"}],"predecessor-version":[{"id":5276,"href":"https:\/\/www.huminalehto.com\/hevostila\/wp-json\/wp\/v2\/pages\/4192\/revisions\/5276"}],"wp:attachment":[{"href":"https:\/\/www.huminalehto.com\/hevostila\/wp-json\/wp\/v2\/media?parent=4192"}],"curies":[{"name":"wp","href":"https:\/\/api.w.org\/{rel}","templated":true}]}}