{"id":4285,"date":"2024-04-17T12:48:22","date_gmt":"2024-04-17T09:48:22","guid":{"rendered":"http:\/\/www.huminalehto.com\/hevostila\/?page_id=4285"},"modified":"2026-04-01T14:36:03","modified_gmt":"2026-04-01T11:36:03","slug":"ponituokio","status":"publish","type":"page","link":"https:\/\/www.huminalehto.com\/hevostila\/ponituokio\/","title":{"rendered":"Ponituokio lapsille &#8211; t\u00e4yt\u00e4 poniyst\u00e4v\u00e4n unelma!"},"content":{"rendered":"\n<p><strong>Haaveileeko lapsesi poneista ja ratsastuksesta?<\/strong>&nbsp;Nyt on mahdollisuus toteuttaa pienen ponityt\u00f6n tai -pojan haave turvallisesti ja hauskasti! Varaa oma ponituokio lapselle ja anna el\u00e4myksen alkaa.<\/p>\n\n\n\n<p>Ponituokio kest\u00e4\u00e4 noin 1 tunti ja sis\u00e4lt\u00e4\u00e4:<\/p>\n\n\n\n<ul class=\"wp-block-list\">\n<li>Ponin harjauksen ja varustamisen<\/li>\n\n\n\n<li>Talutusratsastuksen tai ajon<\/li>\n\n\n\n<li>Ponin hoidon ratsastuksen j\u00e4lkeen<\/li>\n<\/ul>\n\n\n\n<p>Ratsastus tapahtuu aina talutuksessa, joten se sopii kaikenik\u00e4isille ja useammalle lapselle samanaikaisesti.<\/p>\n\n\n\n<h4 class=\"wp-block-heading\">Hinnasto<\/h4>\n\n\n\n<ul class=\"wp-block-list\">\n<li><strong>60 \u20ac<\/strong>\u00a0\u2013 1 poni (max 2 lasta)<\/li>\n\n\n\n<li><strong>80 \u20ac<\/strong>\u00a0\u2013 2 ponia (2\u20134 lasta)<\/li>\n<\/ul>\n\n\n\n<p>T\u00e4m\u00e4 on t\u00e4ydellinen tapa tutustua poneihin ja hevosiin lempe\u00e4sti ja turvallisesti \u2013 el\u00e4myksen, josta lapsi saa iloa ja muistoja pitk\u00e4ksi aikaa.<\/p>\n\n\n\n<p class=\"has-text-align-center\"><strong>Varaa aika nyt ja t\u00e4yt\u00e4 lapsesi haave!<\/strong><\/p>\n","protected":false},"excerpt":{"rendered":"<p>Haaveileeko lapsesi poneista ja ratsastuksesta?&nbsp;Nyt on mahdollisuus toteuttaa pienen ponityt\u00f6n tai -pojan haave turvallisesti ja hauskasti! Varaa oma ponituokio lapselle ja anna el\u00e4myksen alkaa. Ponituokio kest\u00e4\u00e4 noin 1 tunti ja sis\u00e4lt\u00e4\u00e4: Ratsastus tapahtuu aina talutuksessa, joten se sopii kaikenik\u00e4isille ja useammalle lapselle samanaikaisesti. Hinnasto T\u00e4m\u00e4 on t\u00e4ydellinen tapa tutustua poneihin ja hevosiin lempe\u00e4sti ja turvallisesti &hellip; <\/p>\n","protected":false},"author":1,"featured_media":4854,"parent":0,"menu_order":0,"comment_status":"closed","ping_status":"closed","template":"","meta":{"_monsterinsights_skip_tracking":false,"_monsterinsights_sitenote_active":false,"_monsterinsights_sitenote_note":"","_monsterinsights_sitenote_category":0,"footnotes":""},"class_list":["post-4285","page","type-page","status-publish","has-post-thumbnail","hentry"],"aioseo_notices":[],"_links":{"self":[{"href":"https:\/\/www.huminalehto.com\/hevostila\/wp-json\/wp\/v2\/pages\/4285","targetHints":{"allow":["GET"]}}],"collection":[{"href":"https:\/\/www.huminalehto.com\/hevostila\/wp-json\/wp\/v2\/pages"}],"about":[{"href":"https:\/\/www.huminalehto.com\/hevostila\/wp-json\/wp\/v2\/types\/page"}],"author":[{"embeddable":true,"href":"https:\/\/www.huminalehto.com\/hevostila\/wp-json\/wp\/v2\/users\/1"}],"replies":[{"embeddable":true,"href":"https:\/\/www.huminalehto.com\/hevostila\/wp-json\/wp\/v2\/comments?post=4285"}],"version-history":[{"count":11,"href":"https:\/\/www.huminalehto.com\/hevostila\/wp-json\/wp\/v2\/pages\/4285\/revisions"}],"predecessor-version":[{"id":5176,"href":"https:\/\/www.huminalehto.com\/hevostila\/wp-json\/wp\/v2\/pages\/4285\/revisions\/5176"}],"wp:featuredmedia":[{"embeddable":true,"href":"https:\/\/www.huminalehto.com\/hevostila\/wp-json\/wp\/v2\/media\/4854"}],"wp:attachment":[{"href":"https:\/\/www.huminalehto.com\/hevostila\/wp-json\/wp\/v2\/media?parent=4285"}],"curies":[{"name":"wp","href":"https:\/\/api.w.org\/{rel}","templated":true}]}}