{"id":4399,"date":"2024-12-15T13:04:31","date_gmt":"2024-12-15T11:04:31","guid":{"rendered":"http:\/\/www.huminalehto.com\/hevostila\/?page_id=4399"},"modified":"2025-03-14T14:46:58","modified_gmt":"2025-03-14T12:46:58","slug":"lempeasti-yhdessa-ymmarra-hevosta-ja-itseasi","status":"publish","type":"page","link":"https:\/\/www.huminalehto.com\/hevostila\/lempeasti-yhdessa-ymmarra-hevosta-ja-itseasi\/","title":{"rendered":"Lempe\u00e4sti yhdess\u00e4 &#8211; Ymm\u00e4rr\u00e4 hevosta ja itse\u00e4si"},"content":{"rendered":"\n<h2 class=\"wp-block-heading\">Miten oppia l\u00e4sn\u00e4oloa hevosten kanssa?<\/h2>\n\n\n\n<p><strong>Sinulle, joka etsit uusia ajatuksia ja tapoja toimia hevosten kanssa. Opit yhteyden rakentamista hevosen kanssa ja kehit\u00e4t hevos- ja tunnetaitojasi. Verkkokurssi mahdollistaa oppimisen omassa tahdissa ja omassa aikataulussa.<\/strong> <\/p>\n\n\n\n<hr class=\"wp-block-separator has-css-opacity\"\/>\n\n\n<div class=\"wp-block-image is-resized is-style-default\">\n<figure class=\"aligncenter size-large\"><a href=\"https:\/\/www.huminalehto.com\/hevostila\/wp-content\/uploads\/2024\/12\/Creative.jpg\"><img loading=\"lazy\" decoding=\"async\" width=\"1024\" height=\"576\" src=\"https:\/\/www.huminalehto.com\/hevostila\/wp-content\/uploads\/2024\/12\/Creative-1024x576.jpg\" alt=\"\" class=\"wp-image-4402\" srcset=\"https:\/\/www.huminalehto.com\/hevostila\/wp-content\/uploads\/2024\/12\/Creative-1024x576.jpg 1024w, https:\/\/www.huminalehto.com\/hevostila\/wp-content\/uploads\/2024\/12\/Creative-300x169.jpg 300w, https:\/\/www.huminalehto.com\/hevostila\/wp-content\/uploads\/2024\/12\/Creative-768x432.jpg 768w, https:\/\/www.huminalehto.com\/hevostila\/wp-content\/uploads\/2024\/12\/Creative-107x60.jpg 107w, https:\/\/www.huminalehto.com\/hevostila\/wp-content\/uploads\/2024\/12\/Creative.jpg 1366w\" sizes=\"auto, (max-width: 1024px) 100vw, 1024px\" \/><\/a><\/figure><\/div>\n\n\n<p><strong>Lempe\u00e4sti yhdess\u00e4 &#8211; Ymm\u00e4rr\u00e4 hevosta ja itse\u00e4si<\/strong><\/p>\n\n\n\n<p>T\u00e4m\u00e4 verkkokurssi on sinulle, joka haluat syvent\u00e4\u00e4 ymm\u00e4rryst\u00e4si hevosten maailmasta ja l\u00f6yt\u00e4\u00e4 uusia tapoja toimia niiden kanssa. Kurssi tarjoaa lempeit\u00e4 ja k\u00e4yt\u00e4nn\u00f6nl\u00e4heisi\u00e4 n\u00e4k\u00f6kulmia hevosten kohtaamiseen sek\u00e4 ty\u00f6kaluja vahvan ja luottamuksellisen suhteen rakentamiseen. <\/p>\n\n\n\n<figure class=\"wp-block-pullquote is-style-default\"><blockquote><p>Haluatko oppia uutta kiireett\u00f6m\u00e4ss\u00e4 tahdissa &#8211; juuri silloin kun se sopii omaan arkeesi?<\/p><\/blockquote><\/figure>\n\n\n\n<p>Olitpa vasta-alkaja tai hevosharrastaja, joka etsii syvemp\u00e4\u00e4 l\u00e4sn\u00e4oloa ja parempaa ymm\u00e4rryst\u00e4 sek\u00e4 hevosesta ett\u00e4 itsest\u00e4si, t\u00e4m\u00e4 kurssi voi auttaa sinua matkallasi. Kurssin tarkoitus on antaa ajattelemisen aihetta monesta eri teemasta.<\/p>\n\n\n\n<h2 class=\"wp-block-heading\"><strong>Sin\u00e4 saat<\/strong><\/h2>\n\n\n\n<ul class=\"wp-block-list\">\n<li>uusia n\u00e4k\u00f6kulmia ja oivalluksia<\/li>\n\n\n\n<li>hevos- ja tunnetaitosi kehittyv\u00e4t<\/li>\n\n\n\n<li>vinkkej\u00e4 arkeen hevosten kanssa<\/li>\n\n\n\n<li>paremman keho-mieli yhteyden<\/li>\n\n\n\n<li>levollisemman mielen<\/li>\n<\/ul>\n\n\n<div class=\"wp-block-image\">\n<figure class=\"aligncenter size-large is-resized\"><a href=\"https:\/\/www.huminalehto.com\/hevostila\/wp-content\/uploads\/2025\/03\/KOTISIVU.png\"><img loading=\"lazy\" decoding=\"async\" width=\"1024\" height=\"1024\" src=\"https:\/\/www.huminalehto.com\/hevostila\/wp-content\/uploads\/2025\/03\/KOTISIVU-1024x1024.png\" alt=\"\" class=\"wp-image-4717\" style=\"width:500px;height:auto\" srcset=\"https:\/\/www.huminalehto.com\/hevostila\/wp-content\/uploads\/2025\/03\/KOTISIVU-1024x1024.png 1024w, https:\/\/www.huminalehto.com\/hevostila\/wp-content\/uploads\/2025\/03\/KOTISIVU-300x300.png 300w, https:\/\/www.huminalehto.com\/hevostila\/wp-content\/uploads\/2025\/03\/KOTISIVU-150x150.png 150w, https:\/\/www.huminalehto.com\/hevostila\/wp-content\/uploads\/2025\/03\/KOTISIVU-768x768.png 768w, https:\/\/www.huminalehto.com\/hevostila\/wp-content\/uploads\/2025\/03\/KOTISIVU.png 1080w\" sizes=\"auto, (max-width: 1024px) 100vw, 1024px\" \/><\/a><\/figure><\/div>\n\n\n<h2 class=\"wp-block-heading\">Kurssin sis\u00e4lt\u00f6:<\/h2>\n\n\n\n<ol class=\"wp-block-list\">\n<li>Tervetuloa kurssille! Mik\u00e4 on hevostaitokurssi ja miksi se kannattaa?<\/li>\n\n\n\n<li>Mindsetin muutos: Tie parempaan ymm\u00e4rrykseen ihmisen ja hevosen v\u00e4lill\u00e4<\/li>\n\n\n\n<li>Hyvinvointi: Ihmisen ja hevosen hyvinvoinnin tasapaino<\/li>\n\n\n\n<li>Hevostaidot: Mit\u00e4 ne ovat ja miksi ne ovat t\u00e4rkeit\u00e4?<\/li>\n\n\n\n<li>Tunnetaidot: Kuinka omat tunteet vaikuttavat hevoseen?<\/li>\n\n\n\n<li>Tunteiden ja k\u00e4yt\u00f6ksen yhteys: Hevosen k\u00e4yt\u00f6s arjessa (Toleranssiympyr\u00e4)<\/li>\n\n\n\n<li>Hevosen k\u00e4yt\u00f6ksen tulkinta: Miten hevonen reagoi ihmisen seurassa?<\/li>\n\n\n\n<li>Hevostaitojen oppiminen: Elinik\u00e4inen matka k\u00e4rsiv\u00e4llisyyden kanssa<\/li>\n\n\n\n<li>Omien voimavarojen tunnistaminen<\/li>\n\n\n\n<li>Yhteyden rakentaminen: Hevosen ilmeet ja eleet kommunikaation avaimena<\/li>\n\n\n\n<li>Tilannetaju: Miten tunnistaa hetken merkitys hevosen kanssa?<\/li>\n\n\n\n<li>Oppimisen vaiheet: Itsetutkiskelusta oivallukseen ja ymm\u00e4rrykseen<\/li>\n\n\n\n<li>Hoitotilanteet sujuviksi: Rauhaa ja rutiineja arkeen<\/li>\n\n\n\n<li>Rentoutumisen merkitys: Rento hevonen oppii paremmin<\/li>\n\n\n\n<li>Leikin voima<\/li>\n\n\n\n<li>Maastak\u00e4sittelyn perusteet: Harjoitus 1<\/li>\n\n\n\n<li>Maastak\u00e4sittelyn perusteet: Harjoitus 2<\/li>\n\n\n\n<li>Kuinka hevonen oppii?<\/li>\n\n\n\n<li>Autopilotilla vai l\u00e4sn\u00e4? Hevosen ja ihmisen automaattinen k\u00e4yt\u00f6s<\/li>\n\n\n\n<li>Ihmisten &#8221;laumak\u00e4ytt\u00e4ytyminen&#8221;: Kuinka muuttaa tottumuksia?<\/li>\n\n\n\n<li>Uskomukset hevosen kanssa<\/li>\n\n\n\n<li>Mindfulness hevosen kanssa: Uskomustarinan uudelleenkirjoitus<\/li>\n\n\n\n<li>Sis\u00e4inen puhe: Mit\u00e4 viestit hevosta k\u00e4sitelless\u00e4si?<\/li>\n\n\n\n<li>Alitajunnan voima: Kuinka se vaikuttaa vuorovaikutukseen?<\/li>\n\n\n\n<li>Palkitseminen: Kiitollisuus ja hyv\u00e4 tunne hevosen kanssa<\/li>\n\n\n\n<li>K\u00e4yt\u00e4nn\u00f6n harjoituksia: Ajattelutavan muutos toimintaan<\/li>\n\n\n\n<li>Ratsastajan kehonhallinta: Perusistunnan merkitys ja harjoittelu<\/li>\n\n\n\n<li>J\u00e4nnitys ja pelko: Tunnistaminen, sanoittaminen ja k\u00e4sittely<\/li>\n\n\n\n<li>Fokus ja l\u00e4sn\u00e4olo: Ole hetken tasalla hevosesi kanssa<\/li>\n\n\n\n<li>Sin\u00e4 ja hevonen &#8211; yhdess\u00e4 olette enemm\u00e4n<\/li>\n<\/ol>\n\n\n\n<h2 class=\"wp-block-heading\">Kouluttajasi Johanna Kolehmainen<\/h2>\n\n\n\n<div class=\"wp-block-media-text alignwide is-stacked-on-mobile\"><figure class=\"wp-block-media-text__media\"><img loading=\"lazy\" decoding=\"async\" width=\"960\" height=\"960\" src=\"https:\/\/www.huminalehto.com\/hevostila\/wp-content\/uploads\/2024\/12\/johanna-1.jpg\" alt=\"\" class=\"wp-image-4411 size-full\" srcset=\"https:\/\/www.huminalehto.com\/hevostila\/wp-content\/uploads\/2024\/12\/johanna-1.jpg 960w, https:\/\/www.huminalehto.com\/hevostila\/wp-content\/uploads\/2024\/12\/johanna-1-300x300.jpg 300w, https:\/\/www.huminalehto.com\/hevostila\/wp-content\/uploads\/2024\/12\/johanna-1-150x150.jpg 150w, https:\/\/www.huminalehto.com\/hevostila\/wp-content\/uploads\/2024\/12\/johanna-1-768x768.jpg 768w, https:\/\/www.huminalehto.com\/hevostila\/wp-content\/uploads\/2024\/12\/johanna-1-60x60.jpg 60w\" sizes=\"auto, (max-width: 960px) 100vw, 960px\" \/><\/figure><div class=\"wp-block-media-text__content\">\n<p>Johanna Kolehmainen on ikuinen hevostytt\u00f6 \u2013 tai ehk\u00e4 nyky\u00e4\u00e4n voisi sanoa hevost\u00e4ti \u2013 ja Huminalehdon yritt\u00e4j\u00e4. Koulutus taustaltaan h\u00e4n on <strong>ratsastuksenohjaaja<\/strong>, <strong>koulutettu hieroja<\/strong>, <strong>EASEL\u00ae-ohjaaja<\/strong>, <strong>hyvinvointivalmentaja<\/strong> ja <strong>Horsebic\u00ae-ohjaaja<\/strong>.<\/p>\n\n\n\n<p>Huminalehto on tarjonnut hevosalan palveluita Torniossa jo <strong>15 vuoden ajan<\/strong>, ja toiminta on kehittynyt ja monipuolistunut matkan varrella. Nyt olemme uuden ja innostavan askeleen \u00e4\u00e4rell\u00e4: tuomme osaamisemme saatavillesi verkkokurssin muodossa!<\/p>\n<\/div><\/div>\n\n\n\n<blockquote class=\"wp-block-quote is-layout-flow wp-block-quote-is-layout-flow\">\n<p>Kurssi on kannustanut pohtimaan asioita, joita ei ole aiemmin tiedostanut tai ainakaan antanut itsens\u00e4 tutkailla. Esimerkiksi j\u00e4nnitys, ep\u00e4varmuus ja pelot, n\u00e4in varttuneempana, ovat ihan toisenlaiset kuin nuorena. Se, mist\u00e4 ne kumpuaa, on miettimisen arvoista. Voidakseen toimia hevosten kanssa turvallisesti, reilusti ja iloa kokien, on hyv\u00e4 tunnistaa omat vahvuudet ja heikkoudet. Kurssi on avannut silmi\u00e4 sek\u00e4 antanut sys\u00e4yksen itsetutkiskelulle. <img loading=\"lazy\" decoding=\"async\" height=\"16\" width=\"16\" src=\"https:\/\/static.xx.fbcdn.net\/images\/emoji.php\/v9\/ted\/2\/16\/2764.png\" alt=\"\u2764\ufe0f\"><\/p>\n\n\n\n<p><\/p>\n<cite><em>Marjo Mantovaara<\/em><\/cite><\/blockquote>\n\n\n\n<p><\/p>\n\n\n\n<h2 class=\"wp-block-heading\"><strong><em>Usein kysytyt kysymykset<\/em><\/strong><\/h2>\n\n\n\n<ul class=\"wp-block-list\">\n<li><strong>Kenelle kurssi sopii?<\/strong><br>Kurssi sopii aikuisille aloittelijoille ja kokeneemmille hevosharrastajille.<br><\/li>\n\n\n\n<li><strong>Miten kurssi etenee?<\/strong><br>Kurssissa on sis\u00e4lt\u00f6\u00e4 30 p\u00e4iv\u00e4n ajan, mutta voit edet\u00e4 kurssia omaan tahtiisi.<br><\/li>\n\n\n\n<li><strong>Kuinka paljon aikaa kurssin suorittamiseen tarvitaan?<\/strong><br>Noin 10-15 min p\u00e4iv\u00e4ss\u00e4.<br><\/li>\n\n\n\n<li><strong>Kuinka kauan kurssi on k\u00e4ytett\u00e4viss\u00e4? <br><\/strong>3 kuukautta.<br><\/li>\n\n\n\n<li><strong>Voinko k\u00e4ytt\u00e4\u00e4 kurssia mobiililaitteella?<\/strong><br>Kyll\u00e4.<br><\/li>\n\n\n\n<li><strong>Mit\u00e4 kurssi maksaa?<\/strong><br>Kurssin hinta tulee olemaan 97 \u20ac. Tammikuussa 2025 startannut pilottiryhm\u00e4 sai tuntuvan alennuksen. Mietimme viel\u00e4 kev\u00e4\u00e4n 2025 kurssin hintaa, siihen saattaa tulla tarjous.<br><\/li>\n\n\n\n<li><strong>Tarvitsenko oman hevosen kurssille osallistumiseen tai tarvitseeko minun k\u00e4yd\u00e4 jollain tallilla?<\/strong><br>Ei tarvitse.<\/li>\n<\/ul>\n\n\n<div class=\"wp-block-image\">\n<figure class=\"aligncenter size-large is-resized\"><a href=\"https:\/\/www.huminalehto.com\/hevostila\/wp-content\/uploads\/2025\/02\/17.png\"><img loading=\"lazy\" decoding=\"async\" width=\"1024\" height=\"1024\" src=\"https:\/\/www.huminalehto.com\/hevostila\/wp-content\/uploads\/2025\/02\/17-1024x1024.png\" alt=\"\" class=\"wp-image-4632\" style=\"width:369px;height:auto\" srcset=\"https:\/\/www.huminalehto.com\/hevostila\/wp-content\/uploads\/2025\/02\/17-1024x1024.png 1024w, https:\/\/www.huminalehto.com\/hevostila\/wp-content\/uploads\/2025\/02\/17-300x300.png 300w, https:\/\/www.huminalehto.com\/hevostila\/wp-content\/uploads\/2025\/02\/17-150x150.png 150w, https:\/\/www.huminalehto.com\/hevostila\/wp-content\/uploads\/2025\/02\/17-768x768.png 768w, https:\/\/www.huminalehto.com\/hevostila\/wp-content\/uploads\/2025\/02\/17.png 1080w\" sizes=\"auto, (max-width: 1024px) 100vw, 1024px\" \/><\/a><\/figure><\/div>\n\n\n<blockquote class=\"wp-block-quote is-layout-flow wp-block-quote-is-layout-flow\">\n<p><em>Johannan opit ovat lempe\u00e4ll\u00e4 k\u00e4dell\u00e4 opettavia ja maalaisj\u00e4rkisi\u00e4. Olen oppinut \u201clukemaan\u201d hevosia ja ihmisi\u00e4kin paremmin niiden my\u00f6t\u00e4. L\u00e4hestymistapa asioihin on selke\u00e4 ja sanoittamista on paljon, jolloin opit on helppo omaksua. Suosittelen l\u00e4mpim\u00e4sti Johannan oppeja mik\u00e4li haluat erilaisella otteella tutustua hevosten maailmaan.<\/em><\/p>\n<cite>Miia Peurasaari<\/cite><\/blockquote>\n\n\n\n<h2 class=\"wp-block-heading\">Uusi verkkokurssi ryhm\u00e4 starttaa maaliskuussa 2025. Ole kuulolla ja seuraa meid\u00e4n sosiaalista mediaa.<\/h2>\n\n\n\n<p><strong>Seuraava ryhm\u00e4 py\u00f6r\u00e4ht\u00e4\u00e4 k\u00e4yntiin maaliskuun 2025 aikana. Liity Hevoskoulun sis\u00e4piiriin, jotta saat tiedon, kun aloitamme!<\/strong><\/p>\n\n\n<script>(function() {\n\twindow.mc4wp = window.mc4wp || {\n\t\tlisteners: [],\n\t\tforms: {\n\t\t\ton: function(evt, cb) {\n\t\t\t\twindow.mc4wp.listeners.push(\n\t\t\t\t\t{\n\t\t\t\t\t\tevent   : evt,\n\t\t\t\t\t\tcallback: cb\n\t\t\t\t\t}\n\t\t\t\t);\n\t\t\t}\n\t\t}\n\t}\n})();\n<\/script><!-- Mailchimp for WordPress v4.12.2 - https:\/\/wordpress.org\/plugins\/mailchimp-for-wp\/ --><form id=\"mc4wp-form-1\" class=\"mc4wp-form mc4wp-form-3055 mc4wp-form-theme mc4wp-form-theme-dark\" method=\"post\" data-id=\"3055\" data-name=\"Haluatko liitty\u00e4 postituslistallemme? Uutisia Huminalehdon el\u00e4m\u00e4st\u00e4, tietopaketteja ja tarjouksia tulossa. Liity mukaan!\" ><div class=\"mc4wp-form-fields\">\r\n<\/p>\r\n<p>\r\n    <label>Nimi<\/label>\r\n    <input type=\"text\" name=\"FNAME\">\r\n<\/p>\r\n<\/p>\r\n<p>\r\n  <label>S\u00e4hk\u00f6postiosoite<\/label>\r\n\t<input type=\"email\" name=\"EMAIL\" required>\r\n<\/p>\r\n\r\n<p>\r\n\t<input type=\"submit\" value=\"Liityn mukaan!\" \/>\r\n<\/p><\/div><label style=\"display: none !important;\">Leave this field empty if you&#8217;re human: <input type=\"text\" name=\"_mc4wp_honeypot\" value=\"\" tabindex=\"-1\" autocomplete=\"off\" \/><\/label><input type=\"hidden\" name=\"_mc4wp_timestamp\" value=\"1777589336\" \/><input type=\"hidden\" name=\"_mc4wp_form_id\" value=\"3055\" \/><input type=\"hidden\" name=\"_mc4wp_form_element_id\" value=\"mc4wp-form-1\" \/><div class=\"mc4wp-response\"><\/div><\/form><!-- \/ Mailchimp for WordPress Plugin -->\n\n<div class=\"wp-block-image\">\n<figure class=\"aligncenter size-large is-resized\"><a href=\"https:\/\/www.huminalehto.com\/hevostila\/wp-content\/uploads\/2025\/02\/18.png\"><img loading=\"lazy\" decoding=\"async\" width=\"1024\" height=\"1024\" src=\"https:\/\/www.huminalehto.com\/hevostila\/wp-content\/uploads\/2025\/02\/18-1024x1024.png\" alt=\"\" class=\"wp-image-4633\" style=\"width:381px;height:auto\" srcset=\"https:\/\/www.huminalehto.com\/hevostila\/wp-content\/uploads\/2025\/02\/18-1024x1024.png 1024w, https:\/\/www.huminalehto.com\/hevostila\/wp-content\/uploads\/2025\/02\/18-300x300.png 300w, https:\/\/www.huminalehto.com\/hevostila\/wp-content\/uploads\/2025\/02\/18-150x150.png 150w, https:\/\/www.huminalehto.com\/hevostila\/wp-content\/uploads\/2025\/02\/18-768x768.png 768w, https:\/\/www.huminalehto.com\/hevostila\/wp-content\/uploads\/2025\/02\/18.png 1080w\" sizes=\"auto, (max-width: 1024px) 100vw, 1024px\" \/><\/a><\/figure><\/div>\n\n\n<blockquote class=\"wp-block-quote is-layout-flow wp-block-quote-is-layout-flow\">\n<p><em>Johannan opetustyyli\u00e4 t\u00e4ytyy ihailla: leppoisaa tarkkuutta ja monipuolista havainnointikyky\u00e4. Johannalta saa mukaansa tasapainoista ja hyv\u00e4\u00e4 mielt\u00e4 sek\u00e4 mukavia hevoskokemuksia.<\/em><\/p>\n\n\n\n<p>Susanna Kuukasj\u00e4rvi<\/p>\n\n\n\n<p><\/p>\n<\/blockquote>\n\n\n\n<p>Meille on my\u00f6nnetty Leader-ryhm\u00e4st\u00e4 yrityksen kehitt\u00e4mistuki, jonka my\u00f6si <a href=\"https:\/\/www.outokaira.fi\/\" data-type=\"URL\" data-id=\"https:\/\/www.outokaira.fi\/\">Outokaira Tuottamhan<\/a>. Verkkokurssin luominen on prosessi, ja olemme innolla luomassa uutta. Konsulttina projektissa on digikouluttaja Liisa Koivisto. <\/p>\n","protected":false},"excerpt":{"rendered":"<p>Miten oppia l\u00e4sn\u00e4oloa hevosten kanssa? Sinulle, joka etsit uusia ajatuksia ja tapoja toimia hevosten kanssa. Opit yhteyden rakentamista hevosen kanssa ja kehit\u00e4t hevos- ja tunnetaitojasi. Verkkokurssi mahdollistaa oppimisen omassa tahdissa ja omassa aikataulussa. Lempe\u00e4sti yhdess\u00e4 &#8211; Ymm\u00e4rr\u00e4 hevosta ja itse\u00e4si T\u00e4m\u00e4 verkkokurssi on sinulle, joka haluat syvent\u00e4\u00e4 ymm\u00e4rryst\u00e4si hevosten maailmasta ja l\u00f6yt\u00e4\u00e4 uusia tapoja toimia &hellip; <\/p>\n","protected":false},"author":1,"featured_media":0,"parent":0,"menu_order":0,"comment_status":"closed","ping_status":"closed","template":"","meta":{"_monsterinsights_skip_tracking":false,"_monsterinsights_sitenote_active":false,"_monsterinsights_sitenote_note":"","_monsterinsights_sitenote_category":0,"footnotes":""},"class_list":["post-4399","page","type-page","status-publish","hentry"],"aioseo_notices":[],"_links":{"self":[{"href":"https:\/\/www.huminalehto.com\/hevostila\/wp-json\/wp\/v2\/pages\/4399","targetHints":{"allow":["GET"]}}],"collection":[{"href":"https:\/\/www.huminalehto.com\/hevostila\/wp-json\/wp\/v2\/pages"}],"about":[{"href":"https:\/\/www.huminalehto.com\/hevostila\/wp-json\/wp\/v2\/types\/page"}],"author":[{"embeddable":true,"href":"https:\/\/www.huminalehto.com\/hevostila\/wp-json\/wp\/v2\/users\/1"}],"replies":[{"embeddable":true,"href":"https:\/\/www.huminalehto.com\/hevostila\/wp-json\/wp\/v2\/comments?post=4399"}],"version-history":[{"count":45,"href":"https:\/\/www.huminalehto.com\/hevostila\/wp-json\/wp\/v2\/pages\/4399\/revisions"}],"predecessor-version":[{"id":4720,"href":"https:\/\/www.huminalehto.com\/hevostila\/wp-json\/wp\/v2\/pages\/4399\/revisions\/4720"}],"wp:attachment":[{"href":"https:\/\/www.huminalehto.com\/hevostila\/wp-json\/wp\/v2\/media?parent=4399"}],"curies":[{"name":"wp","href":"https:\/\/api.w.org\/{rel}","templated":true}]}}