{"id":4901,"date":"2026-01-04T12:59:45","date_gmt":"2026-01-04T10:59:45","guid":{"rendered":"https:\/\/www.huminalehto.com\/hevostila\/?page_id=4901"},"modified":"2026-03-24T12:05:05","modified_gmt":"2026-03-24T10:05:05","slug":"hevoskoulun-juttutuokio-podcast","status":"publish","type":"page","link":"https:\/\/www.huminalehto.com\/hevostila\/hevoskoulun-juttutuokio-podcast\/","title":{"rendered":"Hevoskoulun juttutuokio &#8211; PODCAST"},"content":{"rendered":"\n<figure class=\"wp-block-image size-full\"><a href=\"https:\/\/open.spotify.com\/episode\/6eRw8RAIr1OH7o2t0OUmqf?si=gtQD7UVzTvWwlzMpnaW5Qw\"><img loading=\"lazy\" decoding=\"async\" width=\"851\" height=\"315\" src=\"https:\/\/www.huminalehto.com\/hevostila\/wp-content\/uploads\/2026\/01\/Hevoskoulun-Juttutuokio-Facebook-kansikuva-2.jpg\" alt=\"\" class=\"wp-image-4904\" srcset=\"https:\/\/www.huminalehto.com\/hevostila\/wp-content\/uploads\/2026\/01\/Hevoskoulun-Juttutuokio-Facebook-kansikuva-2.jpg 851w, https:\/\/www.huminalehto.com\/hevostila\/wp-content\/uploads\/2026\/01\/Hevoskoulun-Juttutuokio-Facebook-kansikuva-2-300x111.jpg 300w, https:\/\/www.huminalehto.com\/hevostila\/wp-content\/uploads\/2026\/01\/Hevoskoulun-Juttutuokio-Facebook-kansikuva-2-768x284.jpg 768w\" sizes=\"auto, (max-width: 851px) 100vw, 851px\" \/><\/a><\/figure>\n\n\n\n<p>Hevoskoulun juttutuokio vie sinut hevosen ja ihmisen arkeen: k\u00e4yt\u00e4nn\u00f6n vinkkej\u00e4, oivalluksia ja tarinoita, jotka auttavat ymm\u00e4rt\u00e4m\u00e4\u00e4n hevosta ja itse\u00e4 paremmin. Podcastia em\u00e4nn\u00f6i Johanna Kolehmainen, joka on ikuinen hevostytt\u00f6 &#8211; tai ehk\u00e4 voisi sanoa hevost\u00e4ti &#8211; ja Hevoskoulu Huminalehdon yritt\u00e4j\u00e4. Koulutus taustaltaan h\u00e4n on ratsastuksenohjaaja, koulutettu hieroja, EASEL\u00ae-ohjaaja, hyvinvointivalmentaja ja Horsebic\u00ae-ohjaaja. Johanna keskustelee sek\u00e4 itsekseen, mutta my\u00f6s asiantuntijoiden ett\u00e4 hevosharrastajien kanssa \u2013 joskus hauskasti, joskus syv\u00e4llisesti, mutta aina rehellisesti.<\/p>\n\n\n\n<hr class=\"wp-block-separator has-alpha-channel-opacity\"\/>\n\n\n\n<h2 class=\"wp-block-heading\">Liity postituslistalle!<\/h2>\n\n\n\n<p>\u2b07\ufe0f ARVONTA LAHJAKORTILLE ON SUORITETTU! Liity kuitenkin mukaan postituslistalle, niin saa kuulla kun PODCASTin toinen kausi alkaa!<\/p>\n\n\n<script>(function() {\n\twindow.mc4wp = window.mc4wp || {\n\t\tlisteners: [],\n\t\tforms: {\n\t\t\ton: function(evt, cb) {\n\t\t\t\twindow.mc4wp.listeners.push(\n\t\t\t\t\t{\n\t\t\t\t\t\tevent   : evt,\n\t\t\t\t\t\tcallback: cb\n\t\t\t\t\t}\n\t\t\t\t);\n\t\t\t}\n\t\t}\n\t}\n})();\n<\/script><!-- Mailchimp for WordPress v4.12.1 - https:\/\/wordpress.org\/plugins\/mailchimp-for-wp\/ --><form id=\"mc4wp-form-1\" class=\"mc4wp-form mc4wp-form-3055 mc4wp-form-theme mc4wp-form-theme-dark\" method=\"post\" data-id=\"3055\" data-name=\"Haluatko liitty\u00e4 postituslistallemme? Uutisia Huminalehdon el\u00e4m\u00e4st\u00e4, tietopaketteja ja tarjouksia tulossa. Liity mukaan!\" ><div class=\"mc4wp-form-fields\">\r\n<\/p>\r\n<p>\r\n    <label>Nimi<\/label>\r\n    <input type=\"text\" name=\"FNAME\">\r\n<\/p>\r\n<\/p>\r\n<p>\r\n  <label>S\u00e4hk\u00f6postiosoite<\/label>\r\n\t<input type=\"email\" name=\"EMAIL\" required>\r\n<\/p>\r\n\r\n<p>\r\n\t<input type=\"submit\" value=\"Liityn mukaan!\" \/>\r\n<\/p><\/div><label style=\"display: none !important;\">Leave this field empty if you're human: <input type=\"text\" name=\"_mc4wp_honeypot\" value=\"\" tabindex=\"-1\" autocomplete=\"off\" \/><\/label><input type=\"hidden\" name=\"_mc4wp_timestamp\" value=\"1776576462\" \/><input type=\"hidden\" name=\"_mc4wp_form_id\" value=\"3055\" \/><input type=\"hidden\" name=\"_mc4wp_form_element_id\" value=\"mc4wp-form-1\" \/><div class=\"mc4wp-response\"><\/div><\/form><!-- \/ Mailchimp for WordPress Plugin -->\n\n\n\n<hr class=\"wp-block-separator has-alpha-channel-opacity\"\/>\n\n\n\n<h2 class=\"wp-block-heading\"><a href=\"https:\/\/open.spotify.com\/episode\/6eRw8RAIr1OH7o2t0OUmqf?si=gtQD7UVzTvWwlzMpnaW5Qw\" title=\"\">Seuraa Hevoskoulun-podcastia<\/a><\/h2>\n\n\n\n<p>\u00c4l\u00e4 unohda antaa 5-t\u00e4hden arvostelua, jos pid\u00e4t podcastista! Se auttaa muita l\u00f6yt\u00e4m\u00e4\u00e4n podcastin ja toivottavasti nauttimaan siit\u00e4. Toivon, ett\u00e4 joku kuulija voisi ehk\u00e4 oppia t\u00e4st\u00e4 podcastista jotain h\u00e4nelle uutta asiaa hevosista?<\/p>\n\n\n<div class=\"wp-block-image\">\n<figure class=\"aligncenter\"><a class=\"\" href=\"https:\/\/open.spotify.com\/show\/4m6LPq256jqc6njy8pfWLn?si=3b2bdc92f1c845e4\"><img decoding=\"async\" src=\"https:\/\/farmescape.fi\/wp-content\/uploads\/2023\/05\/spotify.png\" alt=\"\" class=\"wp-image-2131\"\/><\/a><\/figure><\/div>\n\n\n<hr class=\"wp-block-separator has-alpha-channel-opacity\"\/>\n\n\n\n<p><strong>T\u00e4ss\u00e4 muutamia Spotify-vinkkej\u00e4:<\/strong><\/p>\n\n\n\n<p>\ud83d\udd14Seuraa-painikkeen vieress\u00e4 on kellon kuva, ja siit\u00e4 painamalla saat ilmoituksen uudesta jaksosta.&nbsp;<\/p>\n\n\n\n<p>\u2699\ufe0fHammasrattaan kuvakkeesta voit valita jaksojen automaattisen latauksen omiin jaksoihisi.&nbsp;<\/p>\n\n\n\n<p>\u2b50 Kolmen pisteen kohdalta p\u00e4\u00e4set arvostelemaan podcastin ja jakamaan sen sosiaalisessa mediassa. Arvostelut ovat podcastille t\u00e4rkeit\u00e4, joten kiitos jos teet sen!&nbsp;<img loading=\"lazy\" decoding=\"async\" height=\"16\" width=\"16\" src=\"https:\/\/static.xx.fbcdn.net\/images\/emoji.php\/v9\/tc1\/1.5\/16\/1f495.png\" alt=\"?\"><\/p>\n\n\n\n<h2 class=\"wp-block-heading\">Palautetta, ideoita, yhteisty\u00f6ehdotus?&nbsp;<\/h2>\n\n\n\n<p>Kaikki palaute podcastista on tervetullutta ja ideoita tuleviin jaksoihin ja vieraisiin otetaan vastaan!&nbsp;<img loading=\"lazy\" decoding=\"async\" height=\"16\" width=\"16\" alt=\"?\" src=\"https:\/\/static.xx.fbcdn.net\/images\/emoji.php\/v9\/t43\/1.5\/16\/1f970.png\"><\/p>\n\n\n\n<p>Ole rohkeasti yhteydess\u00e4 my\u00f6s kaupalliseen yhteisty\u00f6h\u00f6n liittyen toiselle tuotantokaudelle.<\/p>\n\n\n\n<hr class=\"wp-block-separator has-alpha-channel-opacity\"\/>\n\n\n<div class=\"wp-block-image\">\n<figure class=\"aligncenter size-full is-resized\"><a href=\"https:\/\/www.huminalehto.com\/hevostila\/wp-content\/uploads\/2026\/01\/outokairalogo.jpg\"><img loading=\"lazy\" decoding=\"async\" width=\"940\" height=\"500\" src=\"https:\/\/www.huminalehto.com\/hevostila\/wp-content\/uploads\/2026\/01\/outokairalogo.jpg\" alt=\"\" class=\"wp-image-4905\" style=\"width:575px;height:auto\" srcset=\"https:\/\/www.huminalehto.com\/hevostila\/wp-content\/uploads\/2026\/01\/outokairalogo.jpg 940w, https:\/\/www.huminalehto.com\/hevostila\/wp-content\/uploads\/2026\/01\/outokairalogo-300x160.jpg 300w, https:\/\/www.huminalehto.com\/hevostila\/wp-content\/uploads\/2026\/01\/outokairalogo-768x409.jpg 768w\" sizes=\"auto, (max-width: 940px) 100vw, 940px\" \/><\/a><\/figure><\/div>","protected":false},"excerpt":{"rendered":"<p>Hevoskoulun juttutuokio vie sinut hevosen ja ihmisen arkeen: k\u00e4yt\u00e4nn\u00f6n vinkkej\u00e4, oivalluksia ja tarinoita, jotka auttavat ymm\u00e4rt\u00e4m\u00e4\u00e4n hevosta ja itse\u00e4 paremmin. Podcastia em\u00e4nn\u00f6i Johanna Kolehmainen, joka on ikuinen hevostytt\u00f6 &#8211; tai ehk\u00e4 voisi sanoa hevost\u00e4ti &#8211; ja Hevoskoulu Huminalehdon yritt\u00e4j\u00e4. Koulutus taustaltaan h\u00e4n on ratsastuksenohjaaja, koulutettu hieroja, EASEL\u00ae-ohjaaja, hyvinvointivalmentaja ja Horsebic\u00ae-ohjaaja. Johanna keskustelee sek\u00e4 itsekseen, mutta &hellip; <\/p>\n","protected":false},"author":1,"featured_media":0,"parent":0,"menu_order":0,"comment_status":"closed","ping_status":"closed","template":"","meta":{"_monsterinsights_skip_tracking":false,"_monsterinsights_sitenote_active":false,"_monsterinsights_sitenote_note":"","_monsterinsights_sitenote_category":0,"footnotes":""},"class_list":["post-4901","page","type-page","status-publish","hentry"],"aioseo_notices":[],"_links":{"self":[{"href":"https:\/\/www.huminalehto.com\/hevostila\/wp-json\/wp\/v2\/pages\/4901","targetHints":{"allow":["GET"]}}],"collection":[{"href":"https:\/\/www.huminalehto.com\/hevostila\/wp-json\/wp\/v2\/pages"}],"about":[{"href":"https:\/\/www.huminalehto.com\/hevostila\/wp-json\/wp\/v2\/types\/page"}],"author":[{"embeddable":true,"href":"https:\/\/www.huminalehto.com\/hevostila\/wp-json\/wp\/v2\/users\/1"}],"replies":[{"embeddable":true,"href":"https:\/\/www.huminalehto.com\/hevostila\/wp-json\/wp\/v2\/comments?post=4901"}],"version-history":[{"count":17,"href":"https:\/\/www.huminalehto.com\/hevostila\/wp-json\/wp\/v2\/pages\/4901\/revisions"}],"predecessor-version":[{"id":5122,"href":"https:\/\/www.huminalehto.com\/hevostila\/wp-json\/wp\/v2\/pages\/4901\/revisions\/5122"}],"wp:attachment":[{"href":"https:\/\/www.huminalehto.com\/hevostila\/wp-json\/wp\/v2\/media?parent=4901"}],"curies":[{"name":"wp","href":"https:\/\/api.w.org\/{rel}","templated":true}]}}