{"id":5213,"date":"2026-04-16T15:42:34","date_gmt":"2026-04-16T12:42:34","guid":{"rendered":"https:\/\/www.huminalehto.com\/hevostila\/?page_id=5213"},"modified":"2026-04-17T17:00:42","modified_gmt":"2026-04-17T14:00:42","slug":"koiranpennut-etsivat-koteja-lansigootanmaanpystykorvan-pennut-varattavissa","status":"publish","type":"page","link":"https:\/\/www.huminalehto.com\/hevostila\/koiranpennut-etsivat-koteja-lansigootanmaanpystykorvan-pennut-varattavissa\/","title":{"rendered":"Koiranpennut etsiv\u00e4t koteja &#8211; l\u00e4nsig\u00f6\u00f6tanmaanpystykorvan pennut  varattavissa"},"content":{"rendered":"\n<blockquote class=\"wp-block-quote is-layout-flow wp-block-quote-is-layout-flow\">\n<p>Meille syntyi iso g\u00f6\u00f6tti pentue. Pennut kasvavat perheemme arjessa tottuen ihmisiin, \u00e4\u00e4niin ja k\u00e4sittelyyn. Etsimme pennuille aktiivisia ja rakastavia koteja, joissa koira saa olla osa arkea ja el\u00e4m\u00e4\u00e4 \ud83d\udc9b<\/p>\n<\/blockquote>\n\n\n\n<ul class=\"wp-block-list\">\n<li>syntym\u00e4aika 10.4.2026<\/li>\n\n\n\n<li>luovutusik\u00e4ss\u00e4 ovat alkaen 6.6.2026 <\/li>\n\n\n\n<li>Tornio<\/li>\n\n\n\n<li>pennut rekister\u00f6id\u00e4\u00e4n kennelliittoon ja koirarekisteriin<\/li>\n\n\n\n<li>madotetaan suositusten mukaisesti<\/li>\n\n\n\n<li>el\u00e4inl\u00e4\u00e4k\u00e4ri tarkastaa ja mikrosiruttaa pentueen viikolla 5-6<\/li>\n<\/ul>\n\n\n\n<hr class=\"wp-block-separator has-alpha-channel-opacity\"\/>\n\n\n\n<h4 class=\"wp-block-heading\">\ud83d\udc3e Em\u00e4<\/h4>\n\n\n\n<ul class=\"wp-block-list\">\n<li>Nimi: Katveikon Brita Brimavera<\/li>\n\n\n\n<li>Lempinimi: Ruusa<\/li>\n\n\n\n<li>Rotu: L\u00e4nsig\u00f6\u00f6tanmaanpystykorva<\/li>\n<\/ul>\n\n\n\n<p>Ruusa on kiltti ja yst\u00e4v\u00e4llinen koira. Ruusa on meid\u00e4n tallin arjessa ja perheess\u00e4 todella rakastettu koirapersoona. Oikein mammanmussukka, uskollinen omille ihmisille. \u2764\ufe0f Istuu yleens\u00e4 asiakkaiden syliss\u00e4 kerj\u00e4ten rapsutuksia.<\/p>\n\n\n<div class=\"wp-block-image\">\n<figure class=\"aligncenter size-full\"><a href=\"https:\/\/www.huminalehto.com\/hevostila\/wp-content\/uploads\/2026\/04\/Hevoskouluhuminalehto-levea.jpg\"><img loading=\"lazy\" decoding=\"async\" width=\"851\" height=\"315\" src=\"https:\/\/www.huminalehto.com\/hevostila\/wp-content\/uploads\/2026\/04\/Hevoskouluhuminalehto-levea.jpg\" alt=\"\" class=\"wp-image-5218\" srcset=\"https:\/\/www.huminalehto.com\/hevostila\/wp-content\/uploads\/2026\/04\/Hevoskouluhuminalehto-levea.jpg 851w, https:\/\/www.huminalehto.com\/hevostila\/wp-content\/uploads\/2026\/04\/Hevoskouluhuminalehto-levea-300x111.jpg 300w, https:\/\/www.huminalehto.com\/hevostila\/wp-content\/uploads\/2026\/04\/Hevoskouluhuminalehto-levea-768x284.jpg 768w\" sizes=\"auto, (max-width: 851px) 100vw, 851px\" \/><\/a><\/figure><\/div>\n\n\n<hr class=\"wp-block-separator has-alpha-channel-opacity\"\/>\n\n\n\n<h4 class=\"wp-block-heading\">\ud83d\udc3e Is\u00e4<\/h4>\n\n\n\n<ul class=\"wp-block-list\">\n<li>Nimi: Handskes Prins Alexander<\/li>\n\n\n\n<li>Lempinimi: Sisu<\/li>\n\n\n\n<li>Rotu: L\u00e4nsig\u00f6\u00f6tanmaanpystykorva<\/li>\n<\/ul>\n\n\n\n<p>Sisu on oman omistajansa t\u00e4rke\u00e4 perheenj\u00e4sen, ulkoilu- ja marjakaveri. Pit\u00e4\u00e4 lapsista. Kiltti, yst\u00e4v\u00e4llinen ja sopeutuvainen koira. Tykk\u00e4\u00e4 touhuta, mutta osaa olla my\u00f6s sohvaperuna.<\/p>\n\n\n<div class=\"wp-block-image\">\n<figure class=\"aligncenter size-full\"><a href=\"https:\/\/www.huminalehto.com\/hevostila\/wp-content\/uploads\/2026\/04\/Hevoskouluhuminalehto-levea-2.png\"><img loading=\"lazy\" decoding=\"async\" width=\"851\" height=\"315\" src=\"https:\/\/www.huminalehto.com\/hevostila\/wp-content\/uploads\/2026\/04\/Hevoskouluhuminalehto-levea-2.png\" alt=\"\" class=\"wp-image-5236\" srcset=\"https:\/\/www.huminalehto.com\/hevostila\/wp-content\/uploads\/2026\/04\/Hevoskouluhuminalehto-levea-2.png 851w, https:\/\/www.huminalehto.com\/hevostila\/wp-content\/uploads\/2026\/04\/Hevoskouluhuminalehto-levea-2-300x111.png 300w, https:\/\/www.huminalehto.com\/hevostila\/wp-content\/uploads\/2026\/04\/Hevoskouluhuminalehto-levea-2-768x284.png 768w\" sizes=\"auto, (max-width: 851px) 100vw, 851px\" \/><\/a><\/figure><\/div>\n\n\n<hr class=\"wp-block-separator has-alpha-channel-opacity\"\/>\n\n\n\n<p>Emme ole Kennelliiton virallisia kasvattajia emmek\u00e4 kuulu rotuyhdistykseen. Meille t\u00e4rkeint\u00e4 on koirien hyvinvointi, tasapainoinen luonne ja hyv\u00e4 arki ihmisen kanssa.<\/p>\n\n\n\n<p>Pennut kasvavat meill\u00e4 osana perhe-el\u00e4m\u00e4\u00e4 ja hevostilan arkea, ja panostamme erityisesti niiden k\u00e4sittelyyn, sosiaalistamiseen ja rauhalliseen alkuun el\u00e4m\u00e4ss\u00e4.<\/p>\n\n\n\n<p>Etsimme pennuille koteja, joissa ollaan valmiita sitoutumaan koiran koulutukseen ja hyvinvointiin. Toivomme aktiivista, mutta koiraa kuuntelevaa otetta. <\/p>\n\n\n\n<p>G\u00f6\u00f6tti sopii hyvin niin maalle kuin kaupunkiinkin, kunhan se saa riitt\u00e4v\u00e4sti aktiviteetteja ja liikuntaa. Rotuna g\u00f6\u00f6tti on usein innokas kulkemaan mukana arjessa, mutta osaa my\u00f6s rauhoittua ja ottaa rennosti \u2013 v\u00e4lill\u00e4 ihan sohvaperunanakin. <\/p>\n\n\n\n<p>Pennuilta ei odoteta n\u00e4yttely- tai harrastustavoitteita, vaan t\u00e4rkeint\u00e4 on, ett\u00e4 ne saavat rakastavan ja sitoutuneen kodin, jossa koira saa olla osa arkea.<\/p>\n\n\n\n<p>Pennuista osa on jo varattuna, mutta useampi kaipaa viel\u00e4 omaa kotia.<\/p>\n\n\n\n<p>Pennun hinta on 1300 \u20ac.<\/p>\n\n\n\n<p>Varausmaksu 300 \u20ac maksetaan varauksen yhteydess\u00e4 ja v\u00e4hennet\u00e4\u00e4n loppusummasta. Varausmaksu ei palautu, mik\u00e4li varaus perutaan ostajan toimesta.<\/p>\n\n\n\n<hr class=\"wp-block-separator has-alpha-channel-opacity\"\/>\n\n\n\n<p>Yhteystiedot:<\/p>\n\n\n\n<p>Ota yhteytt\u00e4 ja kerro millainen koti sinulla olisi tarjota.<br>0407544846 \/ Johanna<br>huminalehto@gmail.com<\/p>\n\n\n\n<p>Vastaan mielell\u00e4ni kysymyksiin ja pentuja p\u00e4\u00e4see katsomaan sovitusti.<\/p>\n\n\n\n<p>N\u00e4m\u00e4 pienet ovat meille t\u00e4rkeit\u00e4, ja siksi meille on t\u00e4rke\u00e4\u00e4 l\u00f6yt\u00e4\u00e4 jokaiselle hyv\u00e4 koti \ud83d\udc9b<\/p>\n\n\n\n<p>Kuvia tulossa!<\/p>\n\n\n\n<p>Lis\u00e4tietoa rodusta:<\/p>\n\n\n\n<h4 class=\"wp-block-heading\"><a href=\"https:\/\/www.hankikoira.fi\/koirarodut\/lansigootanmaanpystykorva\" title=\"\">\ud83d\udc3e L\u00e4nsig\u00f6\u00f6tanmaan pystykorva <\/a><\/h4>\n\n\n\n<hr class=\"wp-block-separator has-alpha-channel-opacity\"\/>\n\n\n\n<h2 class=\"wp-block-heading\"><br><\/h2>\n","protected":false},"excerpt":{"rendered":"<p>Meille syntyi iso g\u00f6\u00f6tti pentue. Pennut kasvavat perheemme arjessa tottuen ihmisiin, \u00e4\u00e4niin ja k\u00e4sittelyyn. Etsimme pennuille aktiivisia ja rakastavia koteja, joissa koira saa olla osa arkea ja el\u00e4m\u00e4\u00e4 \ud83d\udc9b \ud83d\udc3e Em\u00e4 Ruusa on kiltti ja yst\u00e4v\u00e4llinen koira. Ruusa on meid\u00e4n tallin arjessa ja perheess\u00e4 todella rakastettu koirapersoona. Oikein mammanmussukka, uskollinen omille ihmisille. \u2764\ufe0f Istuu yleens\u00e4 &hellip; <\/p>\n","protected":false},"author":1,"featured_media":5221,"parent":0,"menu_order":0,"comment_status":"closed","ping_status":"closed","template":"","meta":{"_monsterinsights_skip_tracking":false,"_monsterinsights_sitenote_active":false,"_monsterinsights_sitenote_note":"","_monsterinsights_sitenote_category":0,"footnotes":""},"class_list":["post-5213","page","type-page","status-publish","has-post-thumbnail","hentry"],"aioseo_notices":[],"_links":{"self":[{"href":"https:\/\/www.huminalehto.com\/hevostila\/wp-json\/wp\/v2\/pages\/5213","targetHints":{"allow":["GET"]}}],"collection":[{"href":"https:\/\/www.huminalehto.com\/hevostila\/wp-json\/wp\/v2\/pages"}],"about":[{"href":"https:\/\/www.huminalehto.com\/hevostila\/wp-json\/wp\/v2\/types\/page"}],"author":[{"embeddable":true,"href":"https:\/\/www.huminalehto.com\/hevostila\/wp-json\/wp\/v2\/users\/1"}],"replies":[{"embeddable":true,"href":"https:\/\/www.huminalehto.com\/hevostila\/wp-json\/wp\/v2\/comments?post=5213"}],"version-history":[{"count":18,"href":"https:\/\/www.huminalehto.com\/hevostila\/wp-json\/wp\/v2\/pages\/5213\/revisions"}],"predecessor-version":[{"id":5243,"href":"https:\/\/www.huminalehto.com\/hevostila\/wp-json\/wp\/v2\/pages\/5213\/revisions\/5243"}],"wp:featuredmedia":[{"embeddable":true,"href":"https:\/\/www.huminalehto.com\/hevostila\/wp-json\/wp\/v2\/media\/5221"}],"wp:attachment":[{"href":"https:\/\/www.huminalehto.com\/hevostila\/wp-json\/wp\/v2\/media?parent=5213"}],"curies":[{"name":"wp","href":"https:\/\/api.w.org\/{rel}","templated":true}]}}