{"id":98,"date":"2012-09-22T12:32:28","date_gmt":"2012-09-22T09:32:28","guid":{"rendered":"http:\/\/www.huminalehto.com\/hevostila\/?page_id=98"},"modified":"2026-02-25T18:39:45","modified_gmt":"2026-02-25T16:39:45","slug":"hevoset","status":"publish","type":"page","link":"https:\/\/www.huminalehto.com\/hevostila\/huminalehdon-tiimi\/hevoset\/","title":{"rendered":"Hevoset"},"content":{"rendered":"\n<p><em>Hevoskoulun monilajinen ja v\u00e4rik\u00e4s hevoslauma toivottaa kaikki asiakkaat tervetulleiksi Huminalehtoon. Jokainen\u00a0hevonen on persoona, joten tarjoamme kaikille ihmisille mielenkiintoisia ja rauhallisia hetki\u00e4 kanssamme. Tervetuloa tutustumaan meid\u00e4n maailmaamme!<\/em><\/p>\n\n\n\n<hr class=\"wp-block-separator has-css-opacity\"\/>\n\n\n\n<div class=\"wp-block-media-text alignwide is-stacked-on-mobile\" style=\"grid-template-columns:32% auto\"><figure class=\"wp-block-media-text__media\"><img loading=\"lazy\" decoding=\"async\" width=\"225\" height=\"300\" src=\"https:\/\/www.huminalehto.com\/hevostila\/wp-content\/uploads\/2020\/07\/plutte-225x300.jpg\" alt=\"\" class=\"wp-image-3721 size-full\" srcset=\"https:\/\/www.huminalehto.com\/hevostila\/wp-content\/uploads\/2020\/07\/plutte-225x300.jpg 225w, https:\/\/www.huminalehto.com\/hevostila\/wp-content\/uploads\/2020\/07\/plutte.jpg 480w\" sizes=\"auto, (max-width: 225px) 100vw, 225px\" \/><\/figure><div class=\"wp-block-media-text__content\">\n<p>Ruotsin kylm\u00e4verinen r.\u00a0Edolles Plutten <b style=\"font-style: italic;\">\u201cPlutte<\/b><span style=\"font-weight: 600;\"><i>\u201d<\/i><\/span><b style=\"font-style: italic;\">\u00a0-11<\/b><\/p>\n\n\n\n<p>Hyv\u00e4n mielen hevonen Plutte, jolla on suuri syd\u00e4n ja rakkaus kaikkia ihmisi\u00e4 kohtaan. Omaa leve\u00e4n sel\u00e4n ja pehme\u00e4t askeleet. Oikea mindfulness hevonen.  Herkk\u00e4, mutta hiukan vilkas yst\u00e4v\u00e4 vaatii lempe\u00e4\u00e4 l\u00e4hestymistapaa. S\u00e4k\u00e4korkeus n. 160 cm.<\/p>\n<\/div><\/div>\n\n\n\n<hr class=\"wp-block-separator has-css-opacity\"\/>\n\n\n\n<div class=\"wp-block-media-text alignwide is-stacked-on-mobile is-vertically-aligned-center\" style=\"grid-template-columns:32% auto\"><figure class=\"wp-block-media-text__media\"><img loading=\"lazy\" decoding=\"async\" width=\"225\" height=\"300\" src=\"https:\/\/www.huminalehto.com\/hevostila\/wp-content\/uploads\/2020\/07\/lenni-225x300.jpg\" alt=\"\" class=\"wp-image-3722 size-full\" srcset=\"https:\/\/www.huminalehto.com\/hevostila\/wp-content\/uploads\/2020\/07\/lenni-225x300.jpg 225w, https:\/\/www.huminalehto.com\/hevostila\/wp-content\/uploads\/2020\/07\/lenni.jpg 480w\" sizes=\"auto, (max-width: 225px) 100vw, 225px\" \/><\/figure><div class=\"wp-block-media-text__content\">\n<p>Islanninhevonen r. N\u00fapur fr\u00e1 Niemenpelto <em><strong>\u201cLenni\u201d<\/strong><\/em> -10<\/p>\n\n\n\n<p>Maailman monin poni Lenni. Luottoratsu maastossa ja kent\u00e4ll\u00e4. Hyv\u00e4n mielen iso issikkapoika. Toimii lasten ja aikuisten tunnilla. S\u00e4k\u00e4korkeus n. 145 cm.<\/p>\n<\/div><\/div>\n\n\n\n<hr class=\"wp-block-separator has-css-opacity\"\/>\n\n\n\n<div class=\"wp-block-media-text alignwide is-stacked-on-mobile\" style=\"grid-template-columns:37% auto\"><figure class=\"wp-block-media-text__media\"><img loading=\"lazy\" decoding=\"async\" width=\"300\" height=\"279\" src=\"https:\/\/www.huminalehto.com\/hevostila\/wp-content\/uploads\/2020\/07\/esa-300x279.jpg\" alt=\"\" class=\"wp-image-3723 size-full\" srcset=\"https:\/\/www.huminalehto.com\/hevostila\/wp-content\/uploads\/2020\/07\/esa-300x279.jpg 300w, https:\/\/www.huminalehto.com\/hevostila\/wp-content\/uploads\/2020\/07\/esa.jpg 640w\" sizes=\"auto, (max-width: 300px) 100vw, 300px\" \/><\/figure><div class=\"wp-block-media-text__content\">\n<p>Eestinponi r. Elsass <em><strong>\u201cEsa\u201d<\/strong><\/em> -12<\/p>\n\n\n\n<p>Reipas ponipoika. Kaipaa rauhallista ja herkk\u00e4\u00e4 ratsastusta. Mukana lasten ja aikuisten tunneilla. S\u00e4k\u00e4korkeus n.145 cm.<\/p>\n\n\n\n<p><\/p>\n<\/div><\/div>\n\n\n\n<hr class=\"wp-block-separator has-css-opacity\"\/>\n\n\n\n<div class=\"wp-block-columns is-layout-flex wp-container-core-columns-is-layout-1 wp-block-columns-is-layout-flex\">\n<div class=\"wp-block-column is-layout-flow wp-block-column-is-layout-flow\" style=\"flex-basis:100%\">\n<div class=\"wp-block-group alignwide\"><div class=\"wp-block-group__inner-container is-layout-flow wp-block-group-is-layout-flow\">\n<div class=\"wp-block-media-text alignwide is-stacked-on-mobile\" style=\"grid-template-columns:35% auto\"><figure class=\"wp-block-media-text__media\"><img loading=\"lazy\" decoding=\"async\" width=\"768\" height=\"1024\" src=\"https:\/\/www.huminalehto.com\/hevostila\/wp-content\/uploads\/2023\/10\/20230811_201223-1-768x1024.jpg\" alt=\"\" class=\"wp-image-4157 size-full\" srcset=\"https:\/\/www.huminalehto.com\/hevostila\/wp-content\/uploads\/2023\/10\/20230811_201223-1-768x1024.jpg 768w, https:\/\/www.huminalehto.com\/hevostila\/wp-content\/uploads\/2023\/10\/20230811_201223-1-225x300.jpg 225w, https:\/\/www.huminalehto.com\/hevostila\/wp-content\/uploads\/2023\/10\/20230811_201223-1-1152x1536.jpg 1152w, https:\/\/www.huminalehto.com\/hevostila\/wp-content\/uploads\/2023\/10\/20230811_201223-1-1536x2048.jpg 1536w, https:\/\/www.huminalehto.com\/hevostila\/wp-content\/uploads\/2023\/10\/20230811_201223-1-45x60.jpg 45w, https:\/\/www.huminalehto.com\/hevostila\/wp-content\/uploads\/2023\/10\/20230811_201223-1-scaled.jpg 1920w\" sizes=\"auto, (max-width: 768px) 100vw, 768px\" \/><\/figure><div class=\"wp-block-media-text__content\">\n<p>eestinponi r.Roobert \u201d<strong>Rolle<\/strong>\u201d &#8211; 12<\/p>\n\n\n\n<p>Rolle on kiltti, tosin hiukan \u00e4\u00e4niherkk\u00e4 yst\u00e4v\u00e4, joka vaatii huomaavaista k\u00e4sittely\u00e4. Ratsastaessa sopii kaikille ja on rauhallinen kaveri. S\u00e4k\u00e4korkeus 136 cm. Rolle on puoli omistuksessa Mantovaaran perheen kanssa.<\/p>\n<\/div><\/div>\n<\/div><\/div>\n<\/div>\n<\/div>\n\n\n\n<hr class=\"wp-block-separator has-alpha-channel-opacity\"\/>\n\n\n\n<div class=\"wp-block-media-text is-stacked-on-mobile\" style=\"grid-template-columns:36% auto\"><figure class=\"wp-block-media-text__media\"><img loading=\"lazy\" decoding=\"async\" width=\"953\" height=\"1024\" src=\"https:\/\/www.huminalehto.com\/hevostila\/wp-content\/uploads\/2025\/02\/fiina-953x1024.jpeg\" alt=\"\" class=\"wp-image-4670 size-full\" srcset=\"https:\/\/www.huminalehto.com\/hevostila\/wp-content\/uploads\/2025\/02\/fiina-953x1024.jpeg 953w, https:\/\/www.huminalehto.com\/hevostila\/wp-content\/uploads\/2025\/02\/fiina-279x300.jpeg 279w, https:\/\/www.huminalehto.com\/hevostila\/wp-content\/uploads\/2025\/02\/fiina-768x825.jpeg 768w, https:\/\/www.huminalehto.com\/hevostila\/wp-content\/uploads\/2025\/02\/fiina.jpeg 1191w\" sizes=\"auto, (max-width: 953px) 100vw, 953px\" \/><\/figure><div class=\"wp-block-media-text__content\">\n<p>russ t.<strong>Fina<\/strong> Capri &#8211; 10<\/p>\n\n\n\n<p>Fiina saapui Huminalehtoon Pollen menetyksen my\u00f6t\u00e4. Fiina on tosi kiltti ja yst\u00e4v\u00e4llinen poni. S\u00e4k\u00e4korkeus n.125 cm.<\/p>\n<\/div><\/div>\n\n\n\n<hr class=\"wp-block-separator has-alpha-channel-opacity\"\/>\n\n\n\n<div class=\"wp-block-media-text is-stacked-on-mobile\" style=\"grid-template-columns:37% auto\"><figure class=\"wp-block-media-text__media\"><img loading=\"lazy\" decoding=\"async\" width=\"768\" height=\"1024\" src=\"https:\/\/www.huminalehto.com\/hevostila\/wp-content\/uploads\/2026\/02\/osku-768x1024.jpeg\" alt=\"\" class=\"wp-image-5022 size-full\" srcset=\"https:\/\/www.huminalehto.com\/hevostila\/wp-content\/uploads\/2026\/02\/osku-768x1024.jpeg 768w, https:\/\/www.huminalehto.com\/hevostila\/wp-content\/uploads\/2026\/02\/osku-225x300.jpeg 225w, https:\/\/www.huminalehto.com\/hevostila\/wp-content\/uploads\/2026\/02\/osku-1152x1536.jpeg 1152w, https:\/\/www.huminalehto.com\/hevostila\/wp-content\/uploads\/2026\/02\/osku.jpeg 1200w\" sizes=\"auto, (max-width: 768px) 100vw, 768px\" \/><\/figure><div class=\"wp-block-media-text__content\">\n<p>shet r. Rainman Capri \u201c<strong>Osku<\/strong>\u201d &#8211; 12<\/p>\n\n\n\n<p>Kiltti ja yst\u00e4v\u00e4llinen poniyst\u00e4v\u00e4. Oikein kiva ratsastaa, ja menee lasten tunneilla. Toimiii my\u00f6s ajossa. S\u00e4k\u00e4 n.105 cm.<\/p>\n<\/div><\/div>\n\n\n\n<hr class=\"wp-block-separator has-alpha-channel-opacity\"\/>\n\n\n\n<div class=\"wp-block-media-text is-stacked-on-mobile\" style=\"grid-template-columns:36% auto\"><figure class=\"wp-block-media-text__media\"><img loading=\"lazy\" decoding=\"async\" width=\"768\" height=\"1024\" src=\"https:\/\/www.huminalehto.com\/hevostila\/wp-content\/uploads\/2025\/06\/WhatsApp-Image-2025-06-16-at-10.55.05-768x1024.jpeg\" alt=\"\" class=\"wp-image-4802 size-full\" srcset=\"https:\/\/www.huminalehto.com\/hevostila\/wp-content\/uploads\/2025\/06\/WhatsApp-Image-2025-06-16-at-10.55.05-768x1024.jpeg 768w, https:\/\/www.huminalehto.com\/hevostila\/wp-content\/uploads\/2025\/06\/WhatsApp-Image-2025-06-16-at-10.55.05-225x300.jpeg 225w, https:\/\/www.huminalehto.com\/hevostila\/wp-content\/uploads\/2025\/06\/WhatsApp-Image-2025-06-16-at-10.55.05-1152x1536.jpeg 1152w, https:\/\/www.huminalehto.com\/hevostila\/wp-content\/uploads\/2025\/06\/WhatsApp-Image-2025-06-16-at-10.55.05.jpeg 1500w\" sizes=\"auto, (max-width: 768px) 100vw, 768px\" \/><\/figure><div class=\"wp-block-media-text__content\">\n<p>sh r. Larvan <strong>Kingi<\/strong> &#8211; 18<\/p>\n\n\n\n<p>Kingi on reipas ty\u00f6mies, joka harjoittelee l\u00e4nnenratsastuksen saloja ja Huminalehdon rentoa menoa. Perusasiat osaava, my\u00f6s ajettu. Kiltti ja yst\u00e4v\u00e4llinen poika. S\u00e4k\u00e4 n.165 cm. <\/p>\n<\/div><\/div>\n\n\n\n<hr class=\"wp-block-separator has-alpha-channel-opacity\"\/>\n\n\n\n<div class=\"wp-block-media-text alignwide is-stacked-on-mobile\" style=\"grid-template-columns:39% auto\"><figure class=\"wp-block-media-text__media\"><img loading=\"lazy\" decoding=\"async\" width=\"1024\" height=\"993\" src=\"https:\/\/www.huminalehto.com\/hevostila\/wp-content\/uploads\/2024\/06\/PSX_20240620_212711-1024x993.jpg\" alt=\"\" class=\"wp-image-4306 size-full\" srcset=\"https:\/\/www.huminalehto.com\/hevostila\/wp-content\/uploads\/2024\/06\/PSX_20240620_212711-1024x993.jpg 1024w, https:\/\/www.huminalehto.com\/hevostila\/wp-content\/uploads\/2024\/06\/PSX_20240620_212711-300x291.jpg 300w, https:\/\/www.huminalehto.com\/hevostila\/wp-content\/uploads\/2024\/06\/PSX_20240620_212711-768x745.jpg 768w, https:\/\/www.huminalehto.com\/hevostila\/wp-content\/uploads\/2024\/06\/PSX_20240620_212711-1536x1489.jpg 1536w, https:\/\/www.huminalehto.com\/hevostila\/wp-content\/uploads\/2024\/06\/PSX_20240620_212711-2048x1986.jpg 2048w, https:\/\/www.huminalehto.com\/hevostila\/wp-content\/uploads\/2024\/06\/PSX_20240620_212711-62x60.jpg 62w\" sizes=\"auto, (max-width: 1024px) 100vw, 1024px\" \/><\/figure><div class=\"wp-block-media-text__content\">\n<p>sh t. <strong>Coksi<\/strong> -23<\/p>\n\n\n\n<p>Coksi on yst\u00e4v\u00e4llinen ja iloinen nuori tamma, joka toimii jo mukavasti ajossa. Coksi on yhteisomistuksessa Ikosen perheen kanssa.<\/p>\n\n\n\n<p>i. S\u00e4ihkeen S\u00e4pin\u00e4<\/p>\n\n\n\n<p>e. Camina<\/p>\n\n\n\n<p>ei. Cameron<\/p>\n<\/div><\/div>\n\n\n\n<hr class=\"wp-block-separator has-css-opacity\"\/>\n\n\n\n<div class=\"wp-block-media-text is-stacked-on-mobile\" style=\"grid-template-columns:37% auto\"><figure class=\"wp-block-media-text__media\"><img loading=\"lazy\" decoding=\"async\" width=\"654\" height=\"960\" src=\"https:\/\/www.huminalehto.com\/hevostila\/wp-content\/uploads\/2025\/02\/retku.jpg\" alt=\"\" class=\"wp-image-4666 size-full\" srcset=\"https:\/\/www.huminalehto.com\/hevostila\/wp-content\/uploads\/2025\/02\/retku.jpg 654w, https:\/\/www.huminalehto.com\/hevostila\/wp-content\/uploads\/2025\/02\/retku-204x300.jpg 204w\" sizes=\"auto, (max-width: 654px) 100vw, 654px\" \/><\/figure><div class=\"wp-block-media-text__content\">\n<p>sh r.Riksun Xavier \u201d<strong>Retku<\/strong>\u201d -21<\/p>\n\n\n\n<p>Retku on is\u00e4nt\u00e4 Matin oma harrastustoveri. Retku on kiltti, mutta isolla touhuamis energialla toimiva nuori hevonen. Ajettu p\u00e4\u00e4osin, ratsutusta aloiteltu.<\/p>\n\n\n\n<p> i. Parvelan Retu, e. Riksun Ruusu, ei.I.P. Lento<\/p>\n<\/div><\/div>\n\n\n\n<hr class=\"wp-block-separator has-alpha-channel-opacity\"\/>\n\n\n\n<div class=\"wp-block-media-text is-stacked-on-mobile\" style=\"grid-template-columns:37% auto\"><figure class=\"wp-block-media-text__media\"><img loading=\"lazy\" decoding=\"async\" width=\"768\" height=\"1024\" src=\"https:\/\/www.huminalehto.com\/hevostila\/wp-content\/uploads\/2026\/02\/WhatsApp-Image-2026-02-25-at-18.21.03-768x1024.jpeg\" alt=\"\" class=\"wp-image-5021 size-full\" srcset=\"https:\/\/www.huminalehto.com\/hevostila\/wp-content\/uploads\/2026\/02\/WhatsApp-Image-2026-02-25-at-18.21.03-768x1024.jpeg 768w, https:\/\/www.huminalehto.com\/hevostila\/wp-content\/uploads\/2026\/02\/WhatsApp-Image-2026-02-25-at-18.21.03-225x300.jpeg 225w, https:\/\/www.huminalehto.com\/hevostila\/wp-content\/uploads\/2026\/02\/WhatsApp-Image-2026-02-25-at-18.21.03.jpeg 1080w\" sizes=\"auto, (max-width: 768px) 100vw, 768px\" \/><\/figure><div class=\"wp-block-media-text__content\">\n<p>sh t. Sisukas <strong>Sylvi<\/strong> -25<\/p>\n\n\n\n<p>Tulevaisuuden ravikuningatar Sylvi. Kiltti ja \u00e4\u00e4rett\u00f6m\u00e4n j\u00e4rkev\u00e4 varsa. Pikku tamman opetus alkaa kev\u00e4\u00e4ll\u00e4.<\/p>\n\n\n\n<p>i. Parvelan Retu, e.Vappu Matami, ei.Viesker<\/p>\n<\/div><\/div>\n","protected":false},"excerpt":{"rendered":"<p>Hevoskoulun monilajinen ja v\u00e4rik\u00e4s hevoslauma toivottaa kaikki asiakkaat tervetulleiksi Huminalehtoon. Jokainen\u00a0hevonen on persoona, joten tarjoamme kaikille ihmisille mielenkiintoisia ja rauhallisia hetki\u00e4 kanssamme. Tervetuloa tutustumaan meid\u00e4n maailmaamme! Ruotsin kylm\u00e4verinen r.\u00a0Edolles Plutten \u201cPlutte\u201d\u00a0-11 Hyv\u00e4n mielen hevonen Plutte, jolla on suuri syd\u00e4n ja rakkaus kaikkia ihmisi\u00e4 kohtaan. Omaa leve\u00e4n sel\u00e4n ja pehme\u00e4t askeleet. Oikea mindfulness hevonen. Herkk\u00e4, mutta &hellip; <\/p>\n","protected":false},"author":1,"featured_media":0,"parent":12,"menu_order":0,"comment_status":"closed","ping_status":"closed","template":"","meta":{"_monsterinsights_skip_tracking":false,"_monsterinsights_sitenote_active":false,"_monsterinsights_sitenote_note":"","_monsterinsights_sitenote_category":0,"footnotes":""},"class_list":["post-98","page","type-page","status-publish","hentry"],"aioseo_notices":[],"_links":{"self":[{"href":"https:\/\/www.huminalehto.com\/hevostila\/wp-json\/wp\/v2\/pages\/98","targetHints":{"allow":["GET"]}}],"collection":[{"href":"https:\/\/www.huminalehto.com\/hevostila\/wp-json\/wp\/v2\/pages"}],"about":[{"href":"https:\/\/www.huminalehto.com\/hevostila\/wp-json\/wp\/v2\/types\/page"}],"author":[{"embeddable":true,"href":"https:\/\/www.huminalehto.com\/hevostila\/wp-json\/wp\/v2\/users\/1"}],"replies":[{"embeddable":true,"href":"https:\/\/www.huminalehto.com\/hevostila\/wp-json\/wp\/v2\/comments?post=98"}],"version-history":[{"count":92,"href":"https:\/\/www.huminalehto.com\/hevostila\/wp-json\/wp\/v2\/pages\/98\/revisions"}],"predecessor-version":[{"id":5024,"href":"https:\/\/www.huminalehto.com\/hevostila\/wp-json\/wp\/v2\/pages\/98\/revisions\/5024"}],"up":[{"embeddable":true,"href":"https:\/\/www.huminalehto.com\/hevostila\/wp-json\/wp\/v2\/pages\/12"}],"wp:attachment":[{"href":"https:\/\/www.huminalehto.com\/hevostila\/wp-json\/wp\/v2\/media?parent=98"}],"curies":[{"name":"wp","href":"https:\/\/api.w.org\/{rel}","templated":true}]}}